{"id":138,"date":"2025-10-26T02:49:13","date_gmt":"2025-10-26T01:49:13","guid":{"rendered":"https:\/\/www.ycbasque.org\/YCB\/?page_id=138"},"modified":"2026-03-16T18:56:12","modified_gmt":"2026-03-16T17:56:12","slug":"lencadrement-le-comact","status":"publish","type":"page","link":"https:\/\/www.ycbasque.org\/YCB\/lencadrement-le-comact\/","title":{"rendered":"Les dirigeants"},"content":{"rendered":"\t\t<div data-elementor-type=\"wp-page\" data-elementor-id=\"138\" class=\"elementor elementor-138\">\n\t\t\t\t<div class=\"elementor-element elementor-element-5da0463 e-con-full e-flex e-con e-parent\" data-id=\"5da0463\" data-element_type=\"container\" data-settings=\"{&quot;background_background&quot;:&quot;classic&quot;}\">\n\t\t\t\t<div class=\"elementor-element elementor-element-1a81789 elementor-widget elementor-widget-heading\" data-id=\"1a81789\" data-element_type=\"widget\" data-widget_type=\"heading.default\">\n\t\t\t\t\t<h1 class=\"elementor-heading-title elementor-size-default\">NOS DIRIGEANTS<\/h1>\t\t\t\t<\/div>\n\t\t\t\t<div class=\"elementor-element elementor-element-2da6e6c elementor-widget__width-initial elementor-widget-divider--view-line_icon elementor-view-default elementor-widget-divider--element-align-center elementor-invisible elementor-widget elementor-widget-divider\" data-id=\"2da6e6c\" data-element_type=\"widget\" data-settings=\"{&quot;_animation&quot;:&quot;fadeIn&quot;}\" data-widget_type=\"divider.default\">\n\t\t\t\t\t\t\t<div class=\"elementor-divider\">\n\t\t\t<span class=\"elementor-divider-separator\">\n\t\t\t\t\t\t\t<div class=\"elementor-icon elementor-divider__element\">\n\t\t\t\t\t<svg aria-hidden=\"true\" class=\"e-font-icon-svg e-fas-anchor\" viewBox=\"0 0 576 512\" xmlns=\"http:\/\/www.w3.org\/2000\/svg\"><path d=\"M12.971 352h32.394C67.172 454.735 181.944 512 288 512c106.229 0 220.853-57.38 242.635-160h32.394c10.691 0 16.045-12.926 8.485-20.485l-67.029-67.029c-4.686-4.686-12.284-4.686-16.971 0l-67.029 67.029c-7.56 7.56-2.206 20.485 8.485 20.485h35.146c-20.29 54.317-84.963 86.588-144.117 94.015V256h52c6.627 0 12-5.373 12-12v-40c0-6.627-5.373-12-12-12h-52v-5.47c37.281-13.178 63.995-48.725 64-90.518C384.005 43.772 341.605.738 289.37.01 235.723-.739 192 42.525 192 96c0 41.798 26.716 77.35 64 90.53V192h-52c-6.627 0-12 5.373-12 12v40c0 6.627 5.373 12 12 12h52v190.015c-58.936-7.399-123.82-39.679-144.117-94.015h35.146c10.691 0 16.045-12.926 8.485-20.485l-67.029-67.029c-4.686-4.686-12.284-4.686-16.971 0L4.485 331.515C-3.074 339.074 2.28 352 12.971 352zM288 64c17.645 0 32 14.355 32 32s-14.355 32-32 32-32-14.355-32-32 14.355-32 32-32z\"><\/path><\/svg><\/div>\n\t\t\t\t\t\t<\/span>\n\t\t<\/div>\n\t\t\t\t\t\t<\/div>\n\t\t\t\t<\/div>\n\t\t<div class=\"elementor-element elementor-element-5ec7657 e-flex e-con-boxed e-con e-parent\" data-id=\"5ec7657\" data-element_type=\"container\">\n\t\t\t\t\t<div class=\"e-con-inner\">\n\t\t\t\t<div class=\"elementor-element elementor-element-da5ed48 elementor-widget elementor-widget-text-editor\" data-id=\"da5ed48\" data-element_type=\"widget\" data-widget_type=\"text-editor.default\">\n\t\t\t\t\t\t\t\t\t<p>En cours d&#8217;actualisation<\/p>\t\t\t\t\t\t\t\t<\/div>\n\t\t\t\t<div class=\"elementor-element elementor-element-f20a3f2 elementor-widget elementor-widget-heading\" data-id=\"f20a3f2\" data-element_type=\"widget\" data-widget_type=\"heading.default\">\n\t\t\t\t\t<h3 class=\"elementor-heading-title elementor-size-default\">LE BUREAU<\/h3>\t\t\t\t<\/div>\n\t\t\t\t<div class=\"elementor-element elementor-element-c85ae68 elementor-widget elementor-widget-text-editor\" data-id=\"c85ae68\" data-element_type=\"widget\" data-widget_type=\"text-editor.default\">\n\t\t\t\t\t\t\t\t\t<p>Pr\u00e9sident<br \/>Secr\u00e9taire g\u00e9n\u00e9ral<br \/>Tr\u00e9sorier<\/p>\t\t\t\t\t\t\t\t<\/div>\n\t\t\t\t<div class=\"elementor-element elementor-element-ac680e9 elementor-widget elementor-widget-heading\" data-id=\"ac680e9\" data-element_type=\"widget\" data-widget_type=\"heading.default\">\n\t\t\t\t\t<h3 class=\"elementor-heading-title elementor-size-default\">LE COMITE DE DIRECTION<\/h3>\t\t\t\t<\/div>\n\t\t\t\t<div class=\"elementor-element elementor-element-ca3692a elementor-widget elementor-widget-text-editor\" data-id=\"ca3692a\" data-element_type=\"widget\" data-widget_type=\"text-editor.default\">\n\t\t\t\t\t\t\t\t\t<p>15 membres \u00e9lus<\/p>\t\t\t\t\t\t\t\t<\/div>\n\t\t\t\t<div class=\"elementor-element elementor-element-c213285 elementor-widget elementor-widget-heading\" data-id=\"c213285\" data-element_type=\"widget\" data-widget_type=\"heading.default\">\n\t\t\t\t\t<h3 class=\"elementor-heading-title elementor-size-default\">LES STATUTS ET REGLEMENT INTERIEUR<\/h3>\t\t\t\t<\/div>\n\t\t\t\t<div class=\"elementor-element elementor-element-bff72b0 elementor-widget elementor-widget-text-editor\" data-id=\"bff72b0\" data-element_type=\"widget\" data-widget_type=\"text-editor.default\">\n\t\t\t\t\t\t\t\t\t<p>Vous pouvez t\u00e9l\u00e9charger les documents ci-dessous:<\/p><ul><li><a href=\"https:\/\/www.ycbasque.org\/YCB\/wp-content\/uploads\/2025\/11\/StatutsYCB2010-1.pdf\" target=\"_blank\" rel=\"noopener\">les statuts<\/a><\/li><li><a href=\"https:\/\/www.ycbasque.org\/YCB\/wp-content\/uploads\/2025\/11\/Reglement-Interieur-YCB-V8022021-1.pdf\" target=\"_blank\" rel=\"noopener\">le r\u00e8glement int\u00e9rieur<\/a><\/li><\/ul>\t\t\t\t\t\t\t\t<\/div>\n\t\t\t\t\t<\/div>\n\t\t\t\t<\/div>\n\t\t<div class=\"elementor-element elementor-element-4213b91 e-flex e-con-boxed e-con e-parent\" data-id=\"4213b91\" data-element_type=\"container\">\n\t\t\t\t\t<div class=\"e-con-inner\">\n\t\t\t\t<div class=\"elementor-element elementor-element-8b1919f elementor-widget-divider--view-line elementor-widget elementor-widget-divider\" data-id=\"8b1919f\" data-element_type=\"widget\" data-widget_type=\"divider.default\">\n\t\t\t\t\t\t\t<div class=\"elementor-divider\">\n\t\t\t<span class=\"elementor-divider-separator\">\n\t\t\t\t\t\t<\/span>\n\t\t<\/div>\n\t\t\t\t\t\t<\/div>\n\t\t\t\t<div class=\"elementor-element elementor-element-fec9df4 elementor-widget elementor-widget-wp-widget-aioseo-breadcrumb-widget\" data-id=\"fec9df4\" data-element_type=\"widget\" data-widget_type=\"wp-widget-aioseo-breadcrumb-widget.default\">\n\t\t\t\t<div class=\"elementor-widget-container\">\n\t\t\t\t\t<div class=\"aioseo-breadcrumbs\"><span class=\"aioseo-breadcrumb\">\n\t\t\tHome\n\t\t<\/span><\/div>\t\t\t\t<\/div>\n\t\t\t\t<\/div>\n\t\t\t\t\t<\/div>\n\t\t\t\t<\/div>\n\t\t\t\t<\/div>\n\t\t","protected":false},"excerpt":{"rendered":"<p>NOS DIRIGEANTS En cours d&#8217;actualisation LE BUREAU Pr\u00e9sidentSecr\u00e9taire g\u00e9n\u00e9ralTr\u00e9sorier LE COMITE DE DIRECTION 15 membres \u00e9lus LES STATUTS ET REGLEMENT INTERIEUR Vous pouvez t\u00e9l\u00e9charger les documents ci-dessous: les statuts le [&hellip;]<\/p>\n","protected":false},"author":2,"featured_media":0,"parent":0,"menu_order":0,"comment_status":"closed","ping_status":"closed","template":"","meta":{"om_disable_all_campaigns":false,"_monsterinsights_skip_tracking":false,"_monsterinsights_sitenote_active":false,"_monsterinsights_sitenote_note":"","_monsterinsights_sitenote_category":0,"footnotes":""},"class_list":["post-138","page","type-page","status-publish","hentry"],"aioseo_notices":[],"_links":{"self":[{"href":"https:\/\/www.ycbasque.org\/YCB\/wp-json\/wp\/v2\/pages\/138","targetHints":{"allow":["GET"]}}],"collection":[{"href":"https:\/\/www.ycbasque.org\/YCB\/wp-json\/wp\/v2\/pages"}],"about":[{"href":"https:\/\/www.ycbasque.org\/YCB\/wp-json\/wp\/v2\/types\/page"}],"author":[{"embeddable":true,"href":"https:\/\/www.ycbasque.org\/YCB\/wp-json\/wp\/v2\/users\/2"}],"replies":[{"embeddable":true,"href":"https:\/\/www.ycbasque.org\/YCB\/wp-json\/wp\/v2\/comments?post=138"}],"version-history":[{"count":19,"href":"https:\/\/www.ycbasque.org\/YCB\/wp-json\/wp\/v2\/pages\/138\/revisions"}],"predecessor-version":[{"id":2404,"href":"https:\/\/www.ycbasque.org\/YCB\/wp-json\/wp\/v2\/pages\/138\/revisions\/2404"}],"wp:attachment":[{"href":"https:\/\/www.ycbasque.org\/YCB\/wp-json\/wp\/v2\/media?parent=138"}],"curies":[{"name":"wp","href":"https:\/\/api.w.org\/{rel}","templated":true}]}}