{"id":146,"date":"2025-10-26T02:53:17","date_gmt":"2025-10-26T01:53:17","guid":{"rendered":"https:\/\/www.ycbasque.org\/YCB\/?page_id=146"},"modified":"2026-03-06T01:56:18","modified_gmt":"2026-03-06T00:56:18","slug":"les-actus","status":"publish","type":"page","link":"https:\/\/www.ycbasque.org\/YCB\/les-actus\/","title":{"rendered":"Les Actus!"},"content":{"rendered":"\t\t<div data-elementor-type=\"wp-page\" data-elementor-id=\"146\" class=\"elementor elementor-146\">\n\t\t\t\t<div class=\"elementor-element elementor-element-acf4ff7 e-flex e-con-boxed e-con e-parent\" data-id=\"acf4ff7\" data-element_type=\"container\">\n\t\t\t\t\t<div class=\"e-con-inner\">\n\t\t\t\t<div class=\"elementor-element elementor-element-a2ded9b elementor-widget elementor-widget-heading\" data-id=\"a2ded9b\" data-element_type=\"widget\" data-widget_type=\"heading.default\">\n\t\t\t\t\t<h2 class=\"elementor-heading-title elementor-size-default\">LES DERNIERES INFO. PUBLIEES SUR LE SITE<\/h2>\t\t\t\t<\/div>\n\t\t<div class=\"elementor-element elementor-element-3d6c08e e-con-full e-flex e-con e-child\" data-id=\"3d6c08e\" data-element_type=\"container\">\n\t\t\t\t<div class=\"elementor-element elementor-element-424dee3 elementor-widget elementor-widget-text-editor\" data-id=\"424dee3\" data-element_type=\"widget\" data-widget_type=\"text-editor.default\">\n\t\t\t\t\t\t\t\t\t<h5 style=\"text-align: center;\">Vous trouverez d&#8217;autres infos. diverses, photos, videos&#8230; sur nos r\u00e9seaux sociaux.<\/h5><h5 style=\"text-align: center;\">N&#8217;h\u00e9sitez pas \u00e0 nous y rejoindre!\u00a0<\/h5>\t\t\t\t\t\t\t\t<\/div>\n\t\t\t\t<\/div>\n\t\t\t\t<div class=\"elementor-element elementor-element-5e281b3 elementor-widget elementor-widget-hfe-basic-posts\" data-id=\"5e281b3\" data-element_type=\"widget\" data-widget_type=\"hfe-basic-posts.default\">\n\t\t\t\t<div class=\"elementor-widget-container\">\n\t\t\t\t\t\n<div class=\"hfe-posts-grid\">\n\t\t\t<article class=\"hfe-post-card\">\n\t\t\t\n\t\t\t<div class=\"hfe-post-content\">\n\t\t\t\t\t\t\t\t\t<h3 class=\"hfe-post-title\">\n\t\t\t\t\t\t<a href=\"https:\/\/www.ycbasque.org\/YCB\/le-calendrier-sportif-2026-yacht_club_basque\/\" rel=\"bookmark\">\n\t\t\t\t\t\t\tLe calendrier sportif 2026 est en ligne!\t\t\t\t\t\t<\/a>\n\t\t\t\t\t<\/h3>\n\t\t\t\t\n\t\t\t\t\t\t\t\t\t<div class=\"hfe-post-meta\">\n\t\t\t\t\t\t<span class=\"hfe-post-date\">28\/02\/2026<\/span>\t\t\t\t\t<\/div>\n\t\t\t\t\n\t\t\t\t\t\t\t\t\t<div class=\"hfe-post-excerpt\">\n\t\t\t\t\t\tCalendrier Sportif 2026 du Yacht Club Basque Pr\u00e9paration ouverture du club voile loisir, avec aide des membres Samedi 14\/03\/26 D\u00e9marrage...\t\t\t\t\t<\/div>\n\t\t\t\t\n\t\t\t\t\t\t\t\t\t<a href=\"https:\/\/www.ycbasque.org\/YCB\/le-calendrier-sportif-2026-yacht_club_basque\/\" class=\"hfe-read-more\" rel=\"bookmark\">\n\t\t\t\t\t\tRead More \u2192\t\t\t\t\t<\/a>\n\t\t\t\t\t\t\t<\/div>\n\t\t<\/article>\n\t\t\t\t<article class=\"hfe-post-card\">\n\t\t\t\t\t\t\t<div class=\"hfe-post-image\">\n\t\t\t\t\t<a href=\"https:\/\/www.ycbasque.org\/YCB\/le-bureau-est-reouvert\/\" rel=\"bookmark\">\n\t\t\t\t\t\t<img loading=\"lazy\" decoding=\"async\" width=\"300\" height=\"226\" src=\"https:\/\/www.ycbasque.org\/YCB\/wp-content\/uploads\/2026\/02\/Club_Ecole_Voile_ouvert-300x226.jpg\" class=\"attachment-medium size-medium wp-post-image\" alt=\"Le bureau est r\u00e9ouvert!\" loading=\"lazy\" srcset=\"https:\/\/www.ycbasque.org\/YCB\/wp-content\/uploads\/2026\/02\/Club_Ecole_Voile_ouvert-300x226.jpg 300w, https:\/\/www.ycbasque.org\/YCB\/wp-content\/uploads\/2026\/02\/Club_Ecole_Voile_ouvert-768x578.jpg 768w, https:\/\/www.ycbasque.org\/YCB\/wp-content\/uploads\/2026\/02\/Club_Ecole_Voile_ouvert.jpg 908w\" sizes=\"auto, (max-width: 300px) 100vw, 300px\" \/>\t\t\t\t\t<\/a>\n\t\t\t\t<\/div>\n\t\t\t\n\t\t\t<div class=\"hfe-post-content\">\n\t\t\t\t\t\t\t\t\t<h3 class=\"hfe-post-title\">\n\t\t\t\t\t\t<a href=\"https:\/\/www.ycbasque.org\/YCB\/le-bureau-est-reouvert\/\" rel=\"bookmark\">\n\t\t\t\t\t\t\tLe bureau est r\u00e9ouvert!\t\t\t\t\t\t<\/a>\n\t\t\t\t\t<\/h3>\n\t\t\t\t\n\t\t\t\t\t\t\t\t\t<div class=\"hfe-post-meta\">\n\t\t\t\t\t\t<span class=\"hfe-post-date\">22\/02\/2026<\/span>\t\t\t\t\t<\/div>\n\t\t\t\t\n\t\t\t\t\t\t\t\t\t<div class=\"hfe-post-excerpt\">\n\t\t\t\t\t\tLe bureau est r\u00e9ouvert! La voile loisir recommence \u00e0 partir du 21\/03\/26 Le club vient de rouvrir ce Lundi 16\/02\/26,...\t\t\t\t\t<\/div>\n\t\t\t\t\n\t\t\t\t\t\t\t\t\t<a href=\"https:\/\/www.ycbasque.org\/YCB\/le-bureau-est-reouvert\/\" class=\"hfe-read-more\" rel=\"bookmark\">\n\t\t\t\t\t\tRead More \u2192\t\t\t\t\t<\/a>\n\t\t\t\t\t\t\t<\/div>\n\t\t<\/article>\n\t\t\t\t<article class=\"hfe-post-card\">\n\t\t\t\t\t\t\t<div class=\"hfe-post-image\">\n\t\t\t\t\t<a href=\"https:\/\/www.ycbasque.org\/YCB\/convocation-ag-22-11-25\/\" rel=\"bookmark\">\n\t\t\t\t\t\t<img loading=\"lazy\" decoding=\"async\" width=\"300\" height=\"145\" src=\"https:\/\/www.ycbasque.org\/YCB\/wp-content\/uploads\/2025\/11\/20251122_convocation_AG-300x145.jpg\" class=\"attachment-medium size-medium wp-post-image\" alt=\"Convocation AG 22\/11\/25\" loading=\"lazy\" srcset=\"https:\/\/www.ycbasque.org\/YCB\/wp-content\/uploads\/2025\/11\/20251122_convocation_AG-300x145.jpg 300w, https:\/\/www.ycbasque.org\/YCB\/wp-content\/uploads\/2025\/11\/20251122_convocation_AG-1024x496.jpg 1024w, https:\/\/www.ycbasque.org\/YCB\/wp-content\/uploads\/2025\/11\/20251122_convocation_AG-768x372.jpg 768w, https:\/\/www.ycbasque.org\/YCB\/wp-content\/uploads\/2025\/11\/20251122_convocation_AG.jpg 1271w\" sizes=\"auto, (max-width: 300px) 100vw, 300px\" \/>\t\t\t\t\t<\/a>\n\t\t\t\t<\/div>\n\t\t\t\n\t\t\t<div class=\"hfe-post-content\">\n\t\t\t\t\t\t\t\t\t<h3 class=\"hfe-post-title\">\n\t\t\t\t\t\t<a href=\"https:\/\/www.ycbasque.org\/YCB\/convocation-ag-22-11-25\/\" rel=\"bookmark\">\n\t\t\t\t\t\t\tConvocation AG 22\/11\/25\t\t\t\t\t\t<\/a>\n\t\t\t\t\t<\/h3>\n\t\t\t\t\n\t\t\t\t\t\t\t\t\t<div class=\"hfe-post-meta\">\n\t\t\t\t\t\t<span class=\"hfe-post-date\">04\/11\/2025<\/span>\t\t\t\t\t<\/div>\n\t\t\t\t\n\t\t\t\t\t\t\t\t\t<div class=\"hfe-post-excerpt\">\n\t\t\t\t\t\tConvocation pour l'Assembl\u00e9e g\u00e9n\u00e9rale du Club Ce 22\/11\/25 \u00e0 17h au Club house \u00e0 Socoa\t\t\t\t\t<\/div>\n\t\t\t\t\n\t\t\t\t\t\t\t\t\t<a href=\"https:\/\/www.ycbasque.org\/YCB\/convocation-ag-22-11-25\/\" class=\"hfe-read-more\" rel=\"bookmark\">\n\t\t\t\t\t\tRead More \u2192\t\t\t\t\t<\/a>\n\t\t\t\t\t\t\t<\/div>\n\t\t<\/article>\n\t\t\t\t<article class=\"hfe-post-card\">\n\t\t\t\t\t\t\t<div class=\"hfe-post-image\">\n\t\t\t\t\t<a href=\"https:\/\/www.ycbasque.org\/YCB\/test-article\/\" rel=\"bookmark\">\n\t\t\t\t\t\t<img loading=\"lazy\" decoding=\"async\" width=\"300\" height=\"200\" src=\"https:\/\/www.ycbasque.org\/YCB\/wp-content\/uploads\/2025\/09\/Open5.70.regate-300x200.jpg\" class=\"attachment-medium size-medium wp-post-image\" alt=\"R\u00e9gate Osiris &#8211; Laraldenia Cup\" loading=\"lazy\" srcset=\"https:\/\/www.ycbasque.org\/YCB\/wp-content\/uploads\/2025\/09\/Open5.70.regate-300x200.jpg 300w, https:\/\/www.ycbasque.org\/YCB\/wp-content\/uploads\/2025\/09\/Open5.70.regate-1024x682.jpg 1024w, https:\/\/www.ycbasque.org\/YCB\/wp-content\/uploads\/2025\/09\/Open5.70.regate-768x512.jpg 768w, https:\/\/www.ycbasque.org\/YCB\/wp-content\/uploads\/2025\/09\/Open5.70.regate-1536x1023.jpg 1536w, https:\/\/www.ycbasque.org\/YCB\/wp-content\/uploads\/2025\/09\/Open5.70.regate.jpg 1600w\" sizes=\"auto, (max-width: 300px) 100vw, 300px\" \/>\t\t\t\t\t<\/a>\n\t\t\t\t<\/div>\n\t\t\t\n\t\t\t<div class=\"hfe-post-content\">\n\t\t\t\t\t\t\t\t\t<h3 class=\"hfe-post-title\">\n\t\t\t\t\t\t<a href=\"https:\/\/www.ycbasque.org\/YCB\/test-article\/\" rel=\"bookmark\">\n\t\t\t\t\t\t\tR\u00e9gate Osiris &#8211; Laraldenia Cup\t\t\t\t\t\t<\/a>\n\t\t\t\t\t<\/h3>\n\t\t\t\t\n\t\t\t\t\t\t\t\t\t<div class=\"hfe-post-meta\">\n\t\t\t\t\t\t<span class=\"hfe-post-date\">04\/09\/2025<\/span>\t\t\t\t\t<\/div>\n\t\t\t\t\n\t\t\t\t\t\t\t\t\t<div class=\"hfe-post-excerpt\">\n\t\t\t\t\t\tLe Yacht Club Basque vous invite \u00e0 la Larraldenia Cup le Samedi 20 Septembre!\t\t\t\t\t<\/div>\n\t\t\t\t\n\t\t\t\t\t\t\t\t\t<a href=\"https:\/\/www.ycbasque.org\/YCB\/test-article\/\" class=\"hfe-read-more\" rel=\"bookmark\">\n\t\t\t\t\t\tRead More \u2192\t\t\t\t\t<\/a>\n\t\t\t\t\t\t\t<\/div>\n\t\t<\/article>\n\t\t\t\t<article class=\"hfe-post-card\">\n\t\t\t\t\t\t\t<div class=\"hfe-post-image\">\n\t\t\t\t\t<a href=\"https:\/\/www.ycbasque.org\/YCB\/202508_-regate-itzurdeak\/\" rel=\"bookmark\">\n\t\t\t\t\t\t<img loading=\"lazy\" decoding=\"async\" width=\"212\" height=\"300\" src=\"https:\/\/www.ycbasque.org\/YCB\/wp-content\/uploads\/2025\/10\/affiche-ITZURDEAK-2025-scaled-1-212x300.jpg\" class=\"attachment-medium size-medium wp-post-image\" alt=\"R\u00e9gate Itzurdeak\" loading=\"lazy\" srcset=\"https:\/\/www.ycbasque.org\/YCB\/wp-content\/uploads\/2025\/10\/affiche-ITZURDEAK-2025-scaled-1-212x300.jpg 212w, https:\/\/www.ycbasque.org\/YCB\/wp-content\/uploads\/2025\/10\/affiche-ITZURDEAK-2025-scaled-1.jpg 724w\" sizes=\"auto, (max-width: 212px) 100vw, 212px\" \/>\t\t\t\t\t<\/a>\n\t\t\t\t<\/div>\n\t\t\t\n\t\t\t<div class=\"hfe-post-content\">\n\t\t\t\t\t\t\t\t\t<h3 class=\"hfe-post-title\">\n\t\t\t\t\t\t<a href=\"https:\/\/www.ycbasque.org\/YCB\/202508_-regate-itzurdeak\/\" rel=\"bookmark\">\n\t\t\t\t\t\t\tR\u00e9gate Itzurdeak\t\t\t\t\t\t<\/a>\n\t\t\t\t\t<\/h3>\n\t\t\t\t\n\t\t\t\t\t\t\t\t\t<div class=\"hfe-post-meta\">\n\t\t\t\t\t\t<span class=\"hfe-post-date\">28\/07\/2025<\/span>\t\t\t\t\t<\/div>\n\t\t\t\t\n\t\t\t\t\t\t\t\t\t<div class=\"hfe-post-excerpt\">\n\t\t\t\t\t\tGrande r\u00e9gate estivale le samedi 16 Ao\u00fbt\t\t\t\t\t<\/div>\n\t\t\t\t\n\t\t\t\t\t\t\t\t\t<a href=\"https:\/\/www.ycbasque.org\/YCB\/202508_-regate-itzurdeak\/\" class=\"hfe-read-more\" rel=\"bookmark\">\n\t\t\t\t\t\tRead More \u2192\t\t\t\t\t<\/a>\n\t\t\t\t\t\t\t<\/div>\n\t\t<\/article>\n\t\t\t\t<article class=\"hfe-post-card\">\n\t\t\t\t\t\t\t<div class=\"hfe-post-image\">\n\t\t\t\t\t<a href=\"https:\/\/www.ycbasque.org\/YCB\/zocoas-cup-12-07-25\/\" rel=\"bookmark\">\n\t\t\t\t\t\t<img loading=\"lazy\" decoding=\"async\" width=\"208\" height=\"300\" src=\"https:\/\/www.ycbasque.org\/YCB\/wp-content\/uploads\/2025\/11\/2250712_SOCOAS_CUP-208x300.jpg\" class=\"attachment-medium size-medium wp-post-image\" alt=\"Zocoa&#8217;s cup 12\/07\/25\" loading=\"lazy\" srcset=\"https:\/\/www.ycbasque.org\/YCB\/wp-content\/uploads\/2025\/11\/2250712_SOCOAS_CUP-208x300.jpg 208w, https:\/\/www.ycbasque.org\/YCB\/wp-content\/uploads\/2025\/11\/2250712_SOCOAS_CUP.jpg 552w\" sizes=\"auto, (max-width: 208px) 100vw, 208px\" \/>\t\t\t\t\t<\/a>\n\t\t\t\t<\/div>\n\t\t\t\n\t\t\t<div class=\"hfe-post-content\">\n\t\t\t\t\t\t\t\t\t<h3 class=\"hfe-post-title\">\n\t\t\t\t\t\t<a href=\"https:\/\/www.ycbasque.org\/YCB\/zocoas-cup-12-07-25\/\" rel=\"bookmark\">\n\t\t\t\t\t\t\tZocoa&#8217;s cup 12\/07\/25\t\t\t\t\t\t<\/a>\n\t\t\t\t\t<\/h3>\n\t\t\t\t\n\t\t\t\t\t\t\t\t\t<div class=\"hfe-post-meta\">\n\t\t\t\t\t\t<span class=\"hfe-post-date\">30\/06\/2025<\/span>\t\t\t\t\t<\/div>\n\t\t\t\t\n\t\t\t\t\t\t\t\t\t<div class=\"hfe-post-excerpt\">\n\t\t\t\t\t\tConvocation pour la r\u00e9gate Socoa's Cup le 12\/07\/2025 au Yacht Club Basque\t\t\t\t\t<\/div>\n\t\t\t\t\n\t\t\t\t\t\t\t\t\t<a href=\"https:\/\/www.ycbasque.org\/YCB\/zocoas-cup-12-07-25\/\" class=\"hfe-read-more\" rel=\"bookmark\">\n\t\t\t\t\t\tRead More \u2192\t\t\t\t\t<\/a>\n\t\t\t\t\t\t\t<\/div>\n\t\t<\/article>\n\t\t<\/div>\n\t\t\t\t<\/div>\n\t\t\t\t<\/div>\n\t\t\t\t\t<\/div>\n\t\t\t\t<\/div>\n\t\t<div class=\"elementor-element elementor-element-1f3d69e e-flex e-con-boxed e-con e-parent\" data-id=\"1f3d69e\" data-element_type=\"container\">\n\t\t\t\t\t<div class=\"e-con-inner\">\n\t\t\t\t<div class=\"elementor-element elementor-element-78eb758 elementor-widget elementor-widget-wp-widget-aioseo-breadcrumb-widget\" data-id=\"78eb758\" data-element_type=\"widget\" data-widget_type=\"wp-widget-aioseo-breadcrumb-widget.default\">\n\t\t\t\t<div class=\"elementor-widget-container\">\n\t\t\t\t\t<div class=\"aioseo-breadcrumbs\"><span class=\"aioseo-breadcrumb\">\n\t\t\tHome\n\t\t<\/span><\/div>\t\t\t\t<\/div>\n\t\t\t\t<\/div>\n\t\t\t\t\t<\/div>\n\t\t\t\t<\/div>\n\t\t\t\t<\/div>\n\t\t","protected":false},"excerpt":{"rendered":"<p>LES DERNIERES INFO. PUBLIEES SUR LE SITE Vous trouverez d&#8217;autres infos. diverses, photos, videos&#8230; sur nos r\u00e9seaux sociaux. N&#8217;h\u00e9sitez pas \u00e0 nous y rejoindre!\u00a0 Le calendrier sportif 2026 est en [&hellip;]<\/p>\n","protected":false},"author":2,"featured_media":0,"parent":0,"menu_order":0,"comment_status":"closed","ping_status":"closed","template":"","meta":{"om_disable_all_campaigns":false,"_monsterinsights_skip_tracking":false,"_monsterinsights_sitenote_active":false,"_monsterinsights_sitenote_note":"","_monsterinsights_sitenote_category":0,"footnotes":""},"class_list":["post-146","page","type-page","status-publish","hentry"],"aioseo_notices":[],"_links":{"self":[{"href":"https:\/\/www.ycbasque.org\/YCB\/wp-json\/wp\/v2\/pages\/146","targetHints":{"allow":["GET"]}}],"collection":[{"href":"https:\/\/www.ycbasque.org\/YCB\/wp-json\/wp\/v2\/pages"}],"about":[{"href":"https:\/\/www.ycbasque.org\/YCB\/wp-json\/wp\/v2\/types\/page"}],"author":[{"embeddable":true,"href":"https:\/\/www.ycbasque.org\/YCB\/wp-json\/wp\/v2\/users\/2"}],"replies":[{"embeddable":true,"href":"https:\/\/www.ycbasque.org\/YCB\/wp-json\/wp\/v2\/comments?post=146"}],"version-history":[{"count":18,"href":"https:\/\/www.ycbasque.org\/YCB\/wp-json\/wp\/v2\/pages\/146\/revisions"}],"predecessor-version":[{"id":2295,"href":"https:\/\/www.ycbasque.org\/YCB\/wp-json\/wp\/v2\/pages\/146\/revisions\/2295"}],"wp:attachment":[{"href":"https:\/\/www.ycbasque.org\/YCB\/wp-json\/wp\/v2\/media?parent=146"}],"curies":[{"name":"wp","href":"https:\/\/api.w.org\/{rel}","templated":true}]}}