{"id":158,"date":"2025-10-26T03:05:32","date_gmt":"2025-10-26T02:05:32","guid":{"rendered":"https:\/\/www.ycbasque.org\/YCB\/?page_id=158"},"modified":"2026-03-06T02:01:48","modified_gmt":"2026-03-06T01:01:48","slug":"lecole-de-sport","status":"publish","type":"page","link":"https:\/\/www.ycbasque.org\/YCB\/lecole-de-sport\/","title":{"rendered":"L&#8217;\u00e9cole de sport"},"content":{"rendered":"\t\t<div data-elementor-type=\"wp-page\" data-elementor-id=\"158\" class=\"elementor elementor-158\">\n\t\t\t\t<div class=\"elementor-element elementor-element-71449b7 e-flex e-con-boxed e-con e-parent\" data-id=\"71449b7\" data-element_type=\"container\">\n\t\t\t\t\t<div class=\"e-con-inner\">\n\t\t<div class=\"elementor-element elementor-element-981a379 e-con-full e-flex e-con e-child\" data-id=\"981a379\" data-element_type=\"container\" data-settings=\"{&quot;background_background&quot;:&quot;classic&quot;}\">\n\t\t\t\t<div class=\"elementor-element elementor-element-7db5e9d elementor-widget elementor-widget-heading\" data-id=\"7db5e9d\" data-element_type=\"widget\" data-widget_type=\"heading.default\">\n\t\t\t\t\t<h1 class=\"elementor-heading-title elementor-size-default\">L'ECOLE DE SPORT<\/h1>\t\t\t\t<\/div>\n\t\t\t\t<div class=\"elementor-element elementor-element-35263fa elementor-widget__width-initial elementor-widget-divider--view-line_icon elementor-view-default elementor-widget-divider--element-align-center elementor-invisible elementor-widget elementor-widget-divider\" data-id=\"35263fa\" data-element_type=\"widget\" data-settings=\"{&quot;_animation&quot;:&quot;fadeIn&quot;}\" data-widget_type=\"divider.default\">\n\t\t\t\t\t\t\t<div class=\"elementor-divider\">\n\t\t\t<span class=\"elementor-divider-separator\">\n\t\t\t\t\t\t\t<div class=\"elementor-icon elementor-divider__element\">\n\t\t\t\t\t<svg aria-hidden=\"true\" class=\"e-font-icon-svg e-fas-anchor\" viewBox=\"0 0 576 512\" xmlns=\"http:\/\/www.w3.org\/2000\/svg\"><path d=\"M12.971 352h32.394C67.172 454.735 181.944 512 288 512c106.229 0 220.853-57.38 242.635-160h32.394c10.691 0 16.045-12.926 8.485-20.485l-67.029-67.029c-4.686-4.686-12.284-4.686-16.971 0l-67.029 67.029c-7.56 7.56-2.206 20.485 8.485 20.485h35.146c-20.29 54.317-84.963 86.588-144.117 94.015V256h52c6.627 0 12-5.373 12-12v-40c0-6.627-5.373-12-12-12h-52v-5.47c37.281-13.178 63.995-48.725 64-90.518C384.005 43.772 341.605.738 289.37.01 235.723-.739 192 42.525 192 96c0 41.798 26.716 77.35 64 90.53V192h-52c-6.627 0-12 5.373-12 12v40c0 6.627 5.373 12 12 12h52v190.015c-58.936-7.399-123.82-39.679-144.117-94.015h35.146c10.691 0 16.045-12.926 8.485-20.485l-67.029-67.029c-4.686-4.686-12.284-4.686-16.971 0L4.485 331.515C-3.074 339.074 2.28 352 12.971 352zM288 64c17.645 0 32 14.355 32 32s-14.355 32-32 32-32-14.355-32-32 14.355-32 32-32z\"><\/path><\/svg><\/div>\n\t\t\t\t\t\t<\/span>\n\t\t<\/div>\n\t\t\t\t\t\t<\/div>\n\t\t\t\t<\/div>\n\t\t<div class=\"elementor-element elementor-element-34f6945 e-con-full e-flex e-con e-child\" data-id=\"34f6945\" data-element_type=\"container\">\n\t\t<div class=\"elementor-element elementor-element-f121afd e-con-full e-flex e-con e-child\" data-id=\"f121afd\" data-element_type=\"container\">\n\t\t\t\t<div class=\"elementor-element elementor-element-2330abc elementor-widget elementor-widget-image\" data-id=\"2330abc\" data-element_type=\"widget\" data-widget_type=\"image.default\">\n\t\t\t\t\t\t\t\t\t\t\t\t\t\t\t<img fetchpriority=\"high\" decoding=\"async\" width=\"800\" height=\"850\" src=\"https:\/\/www.ycbasque.org\/YCB\/wp-content\/uploads\/2025\/11\/20251003_135109_c-964x1024.jpg\" class=\"attachment-large size-large wp-image-1550\" alt=\"\" srcset=\"https:\/\/www.ycbasque.org\/YCB\/wp-content\/uploads\/2025\/11\/20251003_135109_c-964x1024.jpg 964w, https:\/\/www.ycbasque.org\/YCB\/wp-content\/uploads\/2025\/11\/20251003_135109_c-282x300.jpg 282w, https:\/\/www.ycbasque.org\/YCB\/wp-content\/uploads\/2025\/11\/20251003_135109_c-768x816.jpg 768w, https:\/\/www.ycbasque.org\/YCB\/wp-content\/uploads\/2025\/11\/20251003_135109_c-1446x1536.jpg 1446w, https:\/\/www.ycbasque.org\/YCB\/wp-content\/uploads\/2025\/11\/20251003_135109_c-1928x2048.jpg 1928w\" sizes=\"(max-width: 800px) 100vw, 800px\" \/>\t\t\t\t\t\t\t\t\t\t\t\t\t\t\t<\/div>\n\t\t\t\t<\/div>\n\t\t<div class=\"elementor-element elementor-element-f01b944 e-con-full e-flex e-con e-child\" data-id=\"f01b944\" data-element_type=\"container\">\n\t\t\t\t<div class=\"elementor-element elementor-element-6a86277 elementor-widget elementor-widget-heading\" data-id=\"6a86277\" data-element_type=\"widget\" data-widget_type=\"heading.default\">\n\t\t\t\t\t<h2 class=\"elementor-heading-title elementor-size-default\">L'ECOLE DE SPORT<\/h2>\t\t\t\t<\/div>\n\t\t\t\t<div class=\"elementor-element elementor-element-bdbaaa4 elementor-widget elementor-widget-text-editor\" data-id=\"bdbaaa4\" data-element_type=\"widget\" data-widget_type=\"text-editor.default\">\n\t\t\t\t\t\t\t\t\t<h5>Venez rejoindre le groupe de jeunes \u00e0 partir de 6 ans qui s\u2019entra\u00eene tous les mercredis et\/ou samedis avec des entra\u00eeneurs dynamiques et accessibles. Ce groupe acquiert ses premi\u00e8res exp\u00e9riences de la voile sportive \u00e0 travers un programme ludique et technique.<\/h5><h5>Les jeunes se retrouvent pour disputer les r\u00e9gates locales \u00ab\u00a0d\u00e9partementales\u00a0\u00bb avec les autres clubs du d\u00e9partement. Ces r\u00e9gates, appel\u00e9es \u00ab\u00a0crit\u00e9riums\u00a0\u00bb, sont sp\u00e9cialement con\u00e7ues pour les d\u00e9butants et leur permettent d\u2019acqu\u00e9rir le plaisir et l\u2019envie de naviguer autrement.<\/h5><h5>\u00c0 partir d\u2019un certain niveau et d\u2019une certaine assiduit\u00e9, le club leur attribue en priorit\u00e9 un bateau pour toute l\u2019ann\u00e9e.<\/h5><h5>Les d\u00e9butants ne sont pas oubli\u00e9s : un entra\u00eeneur sp\u00e9cifique les encadre pour leur donner le go\u00fbt de la navigation. Gr\u00e2ce \u00e0 des progr\u00e8s rapides, ils int\u00e8grent ensuite l\u2019\u00c9cole de Sport.<\/h5>\t\t\t\t\t\t\t\t<\/div>\n\t\t\t\t<\/div>\n\t\t\t\t<\/div>\n\t\t\t\t\t<\/div>\n\t\t\t\t<\/div>\n\t\t<div class=\"elementor-element elementor-element-83b5a4f e-flex e-con-boxed e-con e-parent\" data-id=\"83b5a4f\" data-element_type=\"container\">\n\t\t\t\t\t<div class=\"e-con-inner\">\n\t\t\t\t<div class=\"elementor-element elementor-element-f2eac53 elementor-widget elementor-widget-wp-widget-aioseo-breadcrumb-widget\" data-id=\"f2eac53\" data-element_type=\"widget\" data-widget_type=\"wp-widget-aioseo-breadcrumb-widget.default\">\n\t\t\t\t<div class=\"elementor-widget-container\">\n\t\t\t\t\t<div class=\"aioseo-breadcrumbs\"><span class=\"aioseo-breadcrumb\">\n\t\t\tHome\n\t\t<\/span><\/div>\t\t\t\t<\/div>\n\t\t\t\t<\/div>\n\t\t\t\t\t<\/div>\n\t\t\t\t<\/div>\n\t\t\t\t<\/div>\n\t\t","protected":false},"excerpt":{"rendered":"<p>L&#8217;ECOLE DE SPORT L&#8217;ECOLE DE SPORT Venez rejoindre le groupe de jeunes \u00e0 partir de 6 ans qui s\u2019entra\u00eene tous les mercredis et\/ou samedis avec des entra\u00eeneurs dynamiques et accessibles. [&hellip;]<\/p>\n","protected":false},"author":2,"featured_media":0,"parent":0,"menu_order":0,"comment_status":"closed","ping_status":"closed","template":"","meta":{"om_disable_all_campaigns":false,"_monsterinsights_skip_tracking":false,"_monsterinsights_sitenote_active":false,"_monsterinsights_sitenote_note":"","_monsterinsights_sitenote_category":0,"footnotes":""},"class_list":["post-158","page","type-page","status-publish","hentry"],"aioseo_notices":[],"_links":{"self":[{"href":"https:\/\/www.ycbasque.org\/YCB\/wp-json\/wp\/v2\/pages\/158","targetHints":{"allow":["GET"]}}],"collection":[{"href":"https:\/\/www.ycbasque.org\/YCB\/wp-json\/wp\/v2\/pages"}],"about":[{"href":"https:\/\/www.ycbasque.org\/YCB\/wp-json\/wp\/v2\/types\/page"}],"author":[{"embeddable":true,"href":"https:\/\/www.ycbasque.org\/YCB\/wp-json\/wp\/v2\/users\/2"}],"replies":[{"embeddable":true,"href":"https:\/\/www.ycbasque.org\/YCB\/wp-json\/wp\/v2\/comments?post=158"}],"version-history":[{"count":23,"href":"https:\/\/www.ycbasque.org\/YCB\/wp-json\/wp\/v2\/pages\/158\/revisions"}],"predecessor-version":[{"id":2301,"href":"https:\/\/www.ycbasque.org\/YCB\/wp-json\/wp\/v2\/pages\/158\/revisions\/2301"}],"wp:attachment":[{"href":"https:\/\/www.ycbasque.org\/YCB\/wp-json\/wp\/v2\/media?parent=158"}],"curies":[{"name":"wp","href":"https:\/\/api.w.org\/{rel}","templated":true}]}}