{"id":166,"date":"2025-10-26T03:07:36","date_gmt":"2025-10-26T02:07:36","guid":{"rendered":"https:\/\/www.ycbasque.org\/YCB\/?page_id=166"},"modified":"2026-03-06T02:11:25","modified_gmt":"2026-03-06T01:11:25","slug":"notre-flotte","status":"publish","type":"page","link":"https:\/\/www.ycbasque.org\/YCB\/notre-flotte\/","title":{"rendered":"Notre flotte"},"content":{"rendered":"\t\t<div data-elementor-type=\"wp-page\" data-elementor-id=\"166\" class=\"elementor elementor-166\">\n\t\t\t\t<div class=\"elementor-element elementor-element-87b7bdf e-con-full e-flex e-con e-parent\" data-id=\"87b7bdf\" data-element_type=\"container\" data-settings=\"{&quot;background_background&quot;:&quot;classic&quot;}\">\n\t\t\t\t<div class=\"elementor-element elementor-element-fea2f71 elementor-widget elementor-widget-heading\" data-id=\"fea2f71\" data-element_type=\"widget\" data-widget_type=\"heading.default\">\n\t\t\t\t\t<h1 class=\"elementor-heading-title elementor-size-default\">NOTRE FLOTTE<\/h1>\t\t\t\t<\/div>\n\t\t\t\t<div class=\"elementor-element elementor-element-f152b16 elementor-widget__width-initial elementor-widget-divider--view-line_icon elementor-view-default elementor-widget-divider--element-align-center elementor-invisible elementor-widget elementor-widget-divider\" data-id=\"f152b16\" data-element_type=\"widget\" data-settings=\"{&quot;_animation&quot;:&quot;fadeIn&quot;}\" data-widget_type=\"divider.default\">\n\t\t\t\t\t\t\t<div class=\"elementor-divider\">\n\t\t\t<span class=\"elementor-divider-separator\">\n\t\t\t\t\t\t\t<div class=\"elementor-icon elementor-divider__element\">\n\t\t\t\t\t<svg aria-hidden=\"true\" class=\"e-font-icon-svg e-fas-anchor\" viewBox=\"0 0 576 512\" xmlns=\"http:\/\/www.w3.org\/2000\/svg\"><path d=\"M12.971 352h32.394C67.172 454.735 181.944 512 288 512c106.229 0 220.853-57.38 242.635-160h32.394c10.691 0 16.045-12.926 8.485-20.485l-67.029-67.029c-4.686-4.686-12.284-4.686-16.971 0l-67.029 67.029c-7.56 7.56-2.206 20.485 8.485 20.485h35.146c-20.29 54.317-84.963 86.588-144.117 94.015V256h52c6.627 0 12-5.373 12-12v-40c0-6.627-5.373-12-12-12h-52v-5.47c37.281-13.178 63.995-48.725 64-90.518C384.005 43.772 341.605.738 289.37.01 235.723-.739 192 42.525 192 96c0 41.798 26.716 77.35 64 90.53V192h-52c-6.627 0-12 5.373-12 12v40c0 6.627 5.373 12 12 12h52v190.015c-58.936-7.399-123.82-39.679-144.117-94.015h35.146c10.691 0 16.045-12.926 8.485-20.485l-67.029-67.029c-4.686-4.686-12.284-4.686-16.971 0L4.485 331.515C-3.074 339.074 2.28 352 12.971 352zM288 64c17.645 0 32 14.355 32 32s-14.355 32-32 32-32-14.355-32-32 14.355-32 32-32z\"><\/path><\/svg><\/div>\n\t\t\t\t\t\t<\/span>\n\t\t<\/div>\n\t\t\t\t\t\t<\/div>\n\t\t\t\t<\/div>\n\t\t<div class=\"elementor-element elementor-element-d707fa6 e-flex e-con-boxed e-con e-parent\" data-id=\"d707fa6\" data-element_type=\"container\">\n\t\t\t\t\t<div class=\"e-con-inner\">\n\t\t<div class=\"elementor-element elementor-element-e4acecb e-con-full e-flex e-con e-child\" data-id=\"e4acecb\" data-element_type=\"container\">\n\t\t<div class=\"elementor-element elementor-element-797037e e-con-full e-flex e-con e-child\" data-id=\"797037e\" data-element_type=\"container\">\n\t\t\t\t<div class=\"elementor-element elementor-element-9090ac1 elementor-widget elementor-widget-heading\" data-id=\"9090ac1\" data-element_type=\"widget\" data-widget_type=\"heading.default\">\n\t\t\t\t\t<h2 class=\"elementor-heading-title elementor-size-default\">UNE FLOTTE ADAPTEE<br> A TOUS<\/h2>\t\t\t\t<\/div>\n\t\t\t\t<\/div>\n\t\t<div class=\"elementor-element elementor-element-f9b5188 e-con-full e-flex e-con e-child\" data-id=\"f9b5188\" data-element_type=\"container\">\n\t\t\t\t<div class=\"elementor-element elementor-element-2ad89d8 elementor-widget elementor-widget-text-editor\" data-id=\"2ad89d8\" data-element_type=\"widget\" data-widget_type=\"text-editor.default\">\n\t\t\t\t\t\t\t\t\t<p>Le Club a un large \u00e9ventail d&#8217;embarcations et de mat\u00e9riel, adapt\u00e9s \u00e0 tous les \u00e2ges , et \u00e0 tous les niveaux!<\/p><p>Vous pourrez au fil des ann\u00e9es progresser vers des embarcations plus exigentes, voire vous sp\u00e9cialiser sur certains mod\u00e8les si vous voulez \u00e9voluer vers la r\u00e9gate.<\/p><p>Diff\u00e9rents bateaux, diff\u00e9rentes sensations, mais toujours l&#8217;amour de la mer et du vent.<\/p><p>Certaines embarcations sont con\u00e7ues la navigation individuelle, d&#8217;autres en duo, voire jusqu&#8217;\u00e0 5 membres d&#8217;\u00e9quipage pour les Open 5.70 par exemple.<\/p><p>Nous avons de nombreux bateaux offrant donc une large capacit\u00e9 d&#8217;accueil pour de grands groupes, ou les touristes pendant la p\u00e9riode estivale, ainsi que pour nos membres qui naviguent toute l&#8217;ann\u00e9e.<\/p><p>Nous avons \u00e9galement de nombreuses planches \u00e0 voiles et des wing\/wind foils.<\/p><p>Certaines embarcations, plus s\u00e9lectives, ne sont destin\u00e9es qu&#8217;aux r\u00e9gates de la F\u00e9d\u00e9ration, avec un accastillage de comp\u00e9tition. Celles-ci sont attribu\u00e9es nominativement pour nos membres \u00e0 l&#8217;ann\u00e9e qui se destinent \u00e0 la comp\u00e9tition.<\/p><p>Le mat\u00e9riel est maintenu par les moniteurs, et nos membres, b\u00e9n\u00e9volement, sous leur supervision, et remplac\u00e9\/actualis\u00e9 r\u00e9guli\u00e8rement, afin de garantir pour tous des qualit\u00e9s optimales de navigation, en toute s\u00e9curit\u00e9, et s&#8217;assurer ainsi du plaisir de vos sorties.<\/p>\t\t\t\t\t\t\t\t<\/div>\n\t\t\t\t<\/div>\n\t\t\t\t<\/div>\n\t\t\t\t\t<\/div>\n\t\t\t\t<\/div>\n\t\t<div class=\"elementor-element elementor-element-291aee7 e-flex e-con-boxed e-con e-parent\" data-id=\"291aee7\" data-element_type=\"container\">\n\t\t\t\t\t<div class=\"e-con-inner\">\n\t\t\t\t<div class=\"elementor-element elementor-element-3dafc1e elementor-widget elementor-widget-spacer\" data-id=\"3dafc1e\" data-element_type=\"widget\" data-widget_type=\"spacer.default\">\n\t\t\t\t\t\t\t<div class=\"elementor-spacer\">\n\t\t\t<div class=\"elementor-spacer-inner\"><\/div>\n\t\t<\/div>\n\t\t\t\t\t\t<\/div>\n\t\t\t\t<div class=\"elementor-element elementor-element-af8e59f elementor-widget-divider--view-line elementor-widget elementor-widget-divider\" data-id=\"af8e59f\" data-element_type=\"widget\" data-widget_type=\"divider.default\">\n\t\t\t\t\t\t\t<div class=\"elementor-divider\">\n\t\t\t<span class=\"elementor-divider-separator\">\n\t\t\t\t\t\t<\/span>\n\t\t<\/div>\n\t\t\t\t\t\t<\/div>\n\t\t\t\t<div class=\"elementor-element elementor-element-d7d698d elementor-widget elementor-widget-heading\" data-id=\"d7d698d\" data-element_type=\"widget\" data-widget_type=\"heading.default\">\n\t\t\t\t\t<h3 class=\"elementor-heading-title elementor-size-default\">QUELQUES VUES DE NOS EMBARCATIONS<\/h3>\t\t\t\t<\/div>\n\t\t\t\t<div class=\"elementor-element elementor-element-04967a6 elementor-widget elementor-widget-spacer\" data-id=\"04967a6\" data-element_type=\"widget\" data-widget_type=\"spacer.default\">\n\t\t\t\t\t\t\t<div class=\"elementor-spacer\">\n\t\t\t<div class=\"elementor-spacer-inner\"><\/div>\n\t\t<\/div>\n\t\t\t\t\t\t<\/div>\n\t\t\t\t<div class=\"elementor-element elementor-element-88e9cd5 elementor-widget elementor-widget-text-editor\" data-id=\"88e9cd5\" data-element_type=\"widget\" data-widget_type=\"text-editor.default\">\n\t\t\t\t\t\t\t\t\t<p>Nous pourrez naviguer \u00e0 bord <span style=\"font-size: 1rem;\">d&#8217;optimists \u00e9cole et r\u00e9gates, des planches \u00e0 voiles, des foils, des laser, un\u00a0 Buzz, des catamarans Topaze 12, des Hobie Cat T1 et 16, des SL 15.5 et 16, et des Open 5.70 (ces derniers naviguent toute l&#8217;ann\u00e9e).\u00a0<\/span><\/p>\t\t\t\t\t\t\t\t<\/div>\n\t\t\t\t<div class=\"elementor-element elementor-element-97868f0 elementor-widget elementor-widget-spacer\" data-id=\"97868f0\" data-element_type=\"widget\" data-widget_type=\"spacer.default\">\n\t\t\t\t\t\t\t<div class=\"elementor-spacer\">\n\t\t\t<div class=\"elementor-spacer-inner\"><\/div>\n\t\t<\/div>\n\t\t\t\t\t\t<\/div>\n\t\t\t\t<div class=\"elementor-element elementor-element-73f1ab4 elementor-arrows-position-inside elementor-pagination-position-outside elementor-widget elementor-widget-image-carousel\" data-id=\"73f1ab4\" data-element_type=\"widget\" data-settings=\"{&quot;lazyload&quot;:&quot;yes&quot;,&quot;navigation&quot;:&quot;both&quot;,&quot;autoplay&quot;:&quot;yes&quot;,&quot;pause_on_hover&quot;:&quot;yes&quot;,&quot;pause_on_interaction&quot;:&quot;yes&quot;,&quot;autoplay_speed&quot;:5000,&quot;infinite&quot;:&quot;yes&quot;,&quot;speed&quot;:500}\" data-widget_type=\"image-carousel.default\">\n\t\t\t\t\t\t\t<div class=\"elementor-image-carousel-wrapper swiper\" role=\"region\" aria-roledescription=\"carousel\" aria-label=\"Carrousel d\u2019images\" dir=\"ltr\">\n\t\t\t<div class=\"elementor-image-carousel swiper-wrapper\" aria-live=\"off\">\n\t\t\t\t\t\t\t\t<div class=\"swiper-slide\" role=\"group\" aria-roledescription=\"slide\" aria-label=\"1 of 14\"><a data-elementor-open-lightbox=\"yes\" data-elementor-lightbox-slideshow=\"73f1ab4\" data-elementor-lightbox-title=\"Cata multi types\" data-e-action-hash=\"#elementor-action%3Aaction%3Dlightbox%26settings%3DeyJpZCI6MTExNCwidXJsIjoiaHR0cHM6XC9cL3d3dy55Y2Jhc3F1ZS5vcmdcL1lDQlwvd3AtY29udGVudFwvdXBsb2Fkc1wvMjAyNVwvMTFcL2M0YzFmZDllLWE0NzAtNGU2Zi1hYmQ2LTU3MTMzNzhiZmQxNy5qcGciLCJzbGlkZXNob3ciOiI3M2YxYWI0In0%3D\" href=\"https:\/\/www.ycbasque.org\/YCB\/wp-content\/uploads\/2025\/11\/c4c1fd9e-a470-4e6f-abd6-5713378bfd17.jpg\"><figure class=\"swiper-slide-inner\"><img class=\"swiper-slide-image swiper-lazy\" data-src=\"https:\/\/www.ycbasque.org\/YCB\/wp-content\/uploads\/2025\/11\/c4c1fd9e-a470-4e6f-abd6-5713378bfd17-150x150.jpg\" alt=\"Cata multi types\" \/><div class=\"swiper-lazy-preloader\"><\/div><figcaption class=\"elementor-image-carousel-caption\">Cata multi types<\/figcaption><\/figure><\/a><\/div><div class=\"swiper-slide\" role=\"group\" aria-roledescription=\"slide\" aria-label=\"2 of 14\"><a data-elementor-open-lightbox=\"yes\" data-elementor-lightbox-slideshow=\"73f1ab4\" data-elementor-lightbox-title=\"Catas et Planche\" data-e-action-hash=\"#elementor-action%3Aaction%3Dlightbox%26settings%3DeyJpZCI6MTExNSwidXJsIjoiaHR0cHM6XC9cL3d3dy55Y2Jhc3F1ZS5vcmdcL1lDQlwvd3AtY29udGVudFwvdXBsb2Fkc1wvMjAyNVwvMTFcL2NmMjllZDY2LThmNTAtNDI1Mi1iNjk2LWUxY2E1YmVkNjQwZi5qcGciLCJzbGlkZXNob3ciOiI3M2YxYWI0In0%3D\" href=\"https:\/\/www.ycbasque.org\/YCB\/wp-content\/uploads\/2025\/11\/cf29ed66-8f50-4252-b696-e1ca5bed640f.jpg\"><figure class=\"swiper-slide-inner\"><img class=\"swiper-slide-image swiper-lazy\" data-src=\"https:\/\/www.ycbasque.org\/YCB\/wp-content\/uploads\/2025\/11\/cf29ed66-8f50-4252-b696-e1ca5bed640f-150x150.jpg\" alt=\"Catas et Planche\" \/><div class=\"swiper-lazy-preloader\"><\/div><figcaption class=\"elementor-image-carousel-caption\">Catas et Planche<\/figcaption><\/figure><\/a><\/div><div class=\"swiper-slide\" role=\"group\" aria-roledescription=\"slide\" aria-label=\"3 of 14\"><a data-elementor-open-lightbox=\"yes\" data-elementor-lightbox-slideshow=\"73f1ab4\" data-elementor-lightbox-title=\"Hobie cat 16\" data-e-action-hash=\"#elementor-action%3Aaction%3Dlightbox%26settings%3DeyJpZCI6MTEyNCwidXJsIjoiaHR0cHM6XC9cL3d3dy55Y2Jhc3F1ZS5vcmdcL1lDQlwvd3AtY29udGVudFwvdXBsb2Fkc1wvMjAyNVwvMTFcL2YwMjU1ZjQ4LTZlODQtNDU1MC05MzNkLTUzOGYwZjVhYTk5MS1zY2FsZWQuanBnIiwic2xpZGVzaG93IjoiNzNmMWFiNCJ9\" href=\"https:\/\/www.ycbasque.org\/YCB\/wp-content\/uploads\/2025\/11\/f0255f48-6e84-4550-933d-538f0f5aa991-scaled.jpg\"><figure class=\"swiper-slide-inner\"><img class=\"swiper-slide-image swiper-lazy\" data-src=\"https:\/\/www.ycbasque.org\/YCB\/wp-content\/uploads\/2025\/11\/f0255f48-6e84-4550-933d-538f0f5aa991-150x150.jpg\" alt=\"Hobie cat 16\" \/><div class=\"swiper-lazy-preloader\"><\/div><figcaption class=\"elementor-image-carousel-caption\">Hobie cat 16<\/figcaption><\/figure><\/a><\/div><div class=\"swiper-slide\" role=\"group\" aria-roledescription=\"slide\" aria-label=\"4 of 14\"><a data-elementor-open-lightbox=\"yes\" data-elementor-lightbox-slideshow=\"73f1ab4\" data-elementor-lightbox-title=\"Hobie Cat T1\" data-e-action-hash=\"#elementor-action%3Aaction%3Dlightbox%26settings%3DeyJpZCI6MTEwNiwidXJsIjoiaHR0cHM6XC9cL3d3dy55Y2Jhc3F1ZS5vcmdcL1lDQlwvd3AtY29udGVudFwvdXBsb2Fkc1wvMjAyNVwvMTFcLzJkOTJjYjRhLTMxNzgtNGI2NC1iZDg3LTQwOTE4ZDc4ZjQzMi1zY2FsZWQuanBnIiwic2xpZGVzaG93IjoiNzNmMWFiNCJ9\" href=\"https:\/\/www.ycbasque.org\/YCB\/wp-content\/uploads\/2025\/11\/2d92cb4a-3178-4b64-bd87-40918d78f432-scaled.jpg\"><figure class=\"swiper-slide-inner\"><img class=\"swiper-slide-image swiper-lazy\" data-src=\"https:\/\/www.ycbasque.org\/YCB\/wp-content\/uploads\/2025\/11\/2d92cb4a-3178-4b64-bd87-40918d78f432-150x150.jpg\" alt=\"Hobie Cat T1\" \/><div class=\"swiper-lazy-preloader\"><\/div><figcaption class=\"elementor-image-carousel-caption\">Hobie Cat T1<\/figcaption><\/figure><\/a><\/div><div class=\"swiper-slide\" role=\"group\" aria-roledescription=\"slide\" aria-label=\"5 of 14\"><a data-elementor-open-lightbox=\"yes\" data-elementor-lightbox-slideshow=\"73f1ab4\" data-elementor-lightbox-title=\"Les foils\" data-e-action-hash=\"#elementor-action%3Aaction%3Dlightbox%26settings%3DeyJpZCI6MTExMywidXJsIjoiaHR0cHM6XC9cL3d3dy55Y2Jhc3F1ZS5vcmdcL1lDQlwvd3AtY29udGVudFwvdXBsb2Fkc1wvMjAyNVwvMTFcLzIwMjUxMDMxXzEyMjQ1Mi1zY2FsZWQuanBnIiwic2xpZGVzaG93IjoiNzNmMWFiNCJ9\" href=\"https:\/\/www.ycbasque.org\/YCB\/wp-content\/uploads\/2025\/11\/20251031_122452-scaled.jpg\"><figure class=\"swiper-slide-inner\"><img class=\"swiper-slide-image swiper-lazy\" data-src=\"https:\/\/www.ycbasque.org\/YCB\/wp-content\/uploads\/2025\/11\/20251031_122452-150x150.jpg\" alt=\"Les foils\" \/><div class=\"swiper-lazy-preloader\"><\/div><figcaption class=\"elementor-image-carousel-caption\">Les foils<\/figcaption><\/figure><\/a><\/div><div class=\"swiper-slide\" role=\"group\" aria-roledescription=\"slide\" aria-label=\"6 of 14\"><a data-elementor-open-lightbox=\"yes\" data-elementor-lightbox-slideshow=\"73f1ab4\" data-elementor-lightbox-title=\"Wing foil\" data-e-action-hash=\"#elementor-action%3Aaction%3Dlightbox%26settings%3DeyJpZCI6MTExMSwidXJsIjoiaHR0cHM6XC9cL3d3dy55Y2Jhc3F1ZS5vcmdcL1lDQlwvd3AtY29udGVudFwvdXBsb2Fkc1wvMjAyNVwvMTFcLzE4NDgxNjU3LTlmYTQtNDljYS1iZWUzLTJiZDBiZDY4YzJmMC5qcGciLCJzbGlkZXNob3ciOiI3M2YxYWI0In0%3D\" href=\"https:\/\/www.ycbasque.org\/YCB\/wp-content\/uploads\/2025\/11\/18481657-9fa4-49ca-bee3-2bd0bd68c2f0.jpg\"><figure class=\"swiper-slide-inner\"><img class=\"swiper-slide-image swiper-lazy\" data-src=\"https:\/\/www.ycbasque.org\/YCB\/wp-content\/uploads\/2025\/11\/18481657-9fa4-49ca-bee3-2bd0bd68c2f0-150x150.jpg\" alt=\"Wing foil\" \/><div class=\"swiper-lazy-preloader\"><\/div><figcaption class=\"elementor-image-carousel-caption\">Wing foil<\/figcaption><\/figure><\/a><\/div><div class=\"swiper-slide\" role=\"group\" aria-roledescription=\"slide\" aria-label=\"7 of 14\"><a data-elementor-open-lightbox=\"yes\" data-elementor-lightbox-slideshow=\"73f1ab4\" data-elementor-lightbox-title=\"Windsurf\" data-e-action-hash=\"#elementor-action%3Aaction%3Dlightbox%26settings%3DeyJpZCI6MTEwOSwidXJsIjoiaHR0cHM6XC9cL3d3dy55Y2Jhc3F1ZS5vcmdcL1lDQlwvd3AtY29udGVudFwvdXBsb2Fkc1wvMjAyNVwvMTFcLzEwMGVmOTE0LWZmMDctNGYxNi1hNDFlLTlkZGQ5ZWYyMDk2NS5qcGciLCJzbGlkZXNob3ciOiI3M2YxYWI0In0%3D\" href=\"https:\/\/www.ycbasque.org\/YCB\/wp-content\/uploads\/2025\/11\/100ef914-ff07-4f16-a41e-9ddd9ef20965.jpg\"><figure class=\"swiper-slide-inner\"><img class=\"swiper-slide-image swiper-lazy\" data-src=\"https:\/\/www.ycbasque.org\/YCB\/wp-content\/uploads\/2025\/11\/100ef914-ff07-4f16-a41e-9ddd9ef20965-150x150.jpg\" alt=\"Windsurf\" \/><div class=\"swiper-lazy-preloader\"><\/div><figcaption class=\"elementor-image-carousel-caption\">Windsurf<\/figcaption><\/figure><\/a><\/div><div class=\"swiper-slide\" role=\"group\" aria-roledescription=\"slide\" aria-label=\"8 of 14\"><a data-elementor-open-lightbox=\"yes\" data-elementor-lightbox-slideshow=\"73f1ab4\" data-elementor-lightbox-title=\"Laser sur remorque\" data-e-action-hash=\"#elementor-action%3Aaction%3Dlightbox%26settings%3DeyJpZCI6MTExMiwidXJsIjoiaHR0cHM6XC9cL3d3dy55Y2Jhc3F1ZS5vcmdcL1lDQlwvd3AtY29udGVudFwvdXBsb2Fkc1wvMjAyNVwvMTFcLzIwMjUxMDMxXzEyMTE1Ny1zY2FsZWQuanBnIiwic2xpZGVzaG93IjoiNzNmMWFiNCJ9\" href=\"https:\/\/www.ycbasque.org\/YCB\/wp-content\/uploads\/2025\/11\/20251031_121157-scaled.jpg\"><figure class=\"swiper-slide-inner\"><img class=\"swiper-slide-image swiper-lazy\" data-src=\"https:\/\/www.ycbasque.org\/YCB\/wp-content\/uploads\/2025\/11\/20251031_121157-150x150.jpg\" alt=\"Laser\" \/><div class=\"swiper-lazy-preloader\"><\/div><figcaption class=\"elementor-image-carousel-caption\">Laser<\/figcaption><\/figure><\/a><\/div><div class=\"swiper-slide\" role=\"group\" aria-roledescription=\"slide\" aria-label=\"9 of 14\"><a data-elementor-open-lightbox=\"yes\" data-elementor-lightbox-slideshow=\"73f1ab4\" data-elementor-lightbox-title=\"Open Bic\" data-e-action-hash=\"#elementor-action%3Aaction%3Dlightbox%26settings%3DeyJpZCI6MTExNiwidXJsIjoiaHR0cHM6XC9cL3d3dy55Y2Jhc3F1ZS5vcmdcL1lDQlwvd3AtY29udGVudFwvdXBsb2Fkc1wvMjAyNVwvMTFcL2Y4ZGMzODM2LTIxOTMtNGZiNi1hY2FjLTQ0YzliOGNmZmM4Mi1zY2FsZWQuanBnIiwic2xpZGVzaG93IjoiNzNmMWFiNCJ9\" href=\"https:\/\/www.ycbasque.org\/YCB\/wp-content\/uploads\/2025\/11\/f8dc3836-2193-4fb6-acac-44c9b8cffc82-scaled.jpg\"><figure class=\"swiper-slide-inner\"><img class=\"swiper-slide-image swiper-lazy\" data-src=\"https:\/\/www.ycbasque.org\/YCB\/wp-content\/uploads\/2025\/11\/f8dc3836-2193-4fb6-acac-44c9b8cffc82-150x150.jpg\" alt=\"Open Bic\" \/><div class=\"swiper-lazy-preloader\"><\/div><figcaption class=\"elementor-image-carousel-caption\">Open Bic<\/figcaption><\/figure><\/a><\/div><div class=\"swiper-slide\" role=\"group\" aria-roledescription=\"slide\" aria-label=\"10 of 14\"><a data-elementor-open-lightbox=\"yes\" data-elementor-lightbox-slideshow=\"73f1ab4\" data-elementor-lightbox-title=\"Optimists\" data-e-action-hash=\"#elementor-action%3Aaction%3Dlightbox%26settings%3DeyJpZCI6MTEyMywidXJsIjoiaHR0cHM6XC9cL3d3dy55Y2Jhc3F1ZS5vcmdcL1lDQlwvd3AtY29udGVudFwvdXBsb2Fkc1wvMjAyNVwvMTFcL29wdGltaXN0c19vay1zY2FsZWQuanBnIiwic2xpZGVzaG93IjoiNzNmMWFiNCJ9\" href=\"https:\/\/www.ycbasque.org\/YCB\/wp-content\/uploads\/2025\/11\/optimists_ok-scaled.jpg\"><figure class=\"swiper-slide-inner\"><img class=\"swiper-slide-image swiper-lazy\" data-src=\"https:\/\/www.ycbasque.org\/YCB\/wp-content\/uploads\/2025\/11\/optimists_ok-150x150.jpg\" alt=\"Optimists\" \/><div class=\"swiper-lazy-preloader\"><\/div><figcaption class=\"elementor-image-carousel-caption\">Optimists<\/figcaption><\/figure><\/a><\/div><div class=\"swiper-slide\" role=\"group\" aria-roledescription=\"slide\" aria-label=\"11 of 14\"><a data-elementor-open-lightbox=\"yes\" data-elementor-lightbox-slideshow=\"73f1ab4\" data-elementor-lightbox-title=\"OPEN 5.70\" data-e-action-hash=\"#elementor-action%3Aaction%3Dlightbox%26settings%3DeyJpZCI6MTExOSwidXJsIjoiaHR0cHM6XC9cL3d3dy55Y2Jhc3F1ZS5vcmdcL1lDQlwvd3AtY29udGVudFwvdXBsb2Fkc1wvMjAyNVwvMTFcL09QRU41LjcwLmpwZyIsInNsaWRlc2hvdyI6IjczZjFhYjQifQ%3D%3D\" href=\"https:\/\/www.ycbasque.org\/YCB\/wp-content\/uploads\/2025\/11\/OPEN5.70.jpg\"><figure class=\"swiper-slide-inner\"><img class=\"swiper-slide-image swiper-lazy\" data-src=\"https:\/\/www.ycbasque.org\/YCB\/wp-content\/uploads\/2025\/11\/OPEN5.70-150x150.jpg\" alt=\"Open 5.70\" \/><div class=\"swiper-lazy-preloader\"><\/div><figcaption class=\"elementor-image-carousel-caption\">Open 5.70<\/figcaption><\/figure><\/a><\/div><div class=\"swiper-slide\" role=\"group\" aria-roledescription=\"slide\" aria-label=\"12 of 14\"><a data-elementor-open-lightbox=\"yes\" data-elementor-lightbox-slideshow=\"73f1ab4\" data-elementor-lightbox-title=\"Cata_SL\" data-e-action-hash=\"#elementor-action%3Aaction%3Dlightbox%26settings%3DeyJpZCI6MTk5NywidXJsIjoiaHR0cHM6XC9cL3d3dy55Y2Jhc3F1ZS5vcmdcL1lDQlwvd3AtY29udGVudFwvdXBsb2Fkc1wvMjAyNVwvMTFcL0NhdGFfU0wtc2NhbGVkLmpwZyIsInNsaWRlc2hvdyI6IjczZjFhYjQifQ%3D%3D\" href=\"https:\/\/www.ycbasque.org\/YCB\/wp-content\/uploads\/2025\/11\/Cata_SL-scaled.jpg\"><figure class=\"swiper-slide-inner\"><img class=\"swiper-slide-image swiper-lazy\" data-src=\"https:\/\/www.ycbasque.org\/YCB\/wp-content\/uploads\/2025\/11\/Cata_SL-150x150.jpg\" alt=\"Cata SL\" \/><div class=\"swiper-lazy-preloader\"><\/div><figcaption class=\"elementor-image-carousel-caption\">Cata SL<\/figcaption><\/figure><\/a><\/div><div class=\"swiper-slide\" role=\"group\" aria-roledescription=\"slide\" aria-label=\"13 of 14\"><a data-elementor-open-lightbox=\"yes\" data-elementor-lightbox-slideshow=\"73f1ab4\" data-elementor-lightbox-title=\"Laser\" data-e-action-hash=\"#elementor-action%3Aaction%3Dlightbox%26settings%3DeyJpZCI6MTk5OCwidXJsIjoiaHR0cHM6XC9cL3d3dy55Y2Jhc3F1ZS5vcmdcL1lDQlwvd3AtY29udGVudFwvdXBsb2Fkc1wvMjAyNVwvMTFcL0xhc2VyLXNjYWxlZC5qcGciLCJzbGlkZXNob3ciOiI3M2YxYWI0In0%3D\" href=\"https:\/\/www.ycbasque.org\/YCB\/wp-content\/uploads\/2025\/11\/Laser-scaled.jpg\"><figure class=\"swiper-slide-inner\"><img class=\"swiper-slide-image swiper-lazy\" data-src=\"https:\/\/www.ycbasque.org\/YCB\/wp-content\/uploads\/2025\/11\/Laser-150x150.jpg\" alt=\"Laser\" \/><div class=\"swiper-lazy-preloader\"><\/div><figcaption class=\"elementor-image-carousel-caption\">Laser<\/figcaption><\/figure><\/a><\/div><div class=\"swiper-slide\" role=\"group\" aria-roledescription=\"slide\" aria-label=\"14 of 14\"><a data-elementor-open-lightbox=\"yes\" data-elementor-lightbox-slideshow=\"73f1ab4\" data-elementor-lightbox-title=\"Open_Bic\" data-e-action-hash=\"#elementor-action%3Aaction%3Dlightbox%26settings%3DeyJpZCI6MTk5OSwidXJsIjoiaHR0cHM6XC9cL3d3dy55Y2Jhc3F1ZS5vcmdcL1lDQlwvd3AtY29udGVudFwvdXBsb2Fkc1wvMjAyNVwvMTFcL09wZW5fQmljLXNjYWxlZC5qcGciLCJzbGlkZXNob3ciOiI3M2YxYWI0In0%3D\" href=\"https:\/\/www.ycbasque.org\/YCB\/wp-content\/uploads\/2025\/11\/Open_Bic-scaled.jpg\"><figure class=\"swiper-slide-inner\"><img class=\"swiper-slide-image swiper-lazy\" data-src=\"https:\/\/www.ycbasque.org\/YCB\/wp-content\/uploads\/2025\/11\/Open_Bic-150x150.jpg\" alt=\"Open Bic\" \/><div class=\"swiper-lazy-preloader\"><\/div><figcaption class=\"elementor-image-carousel-caption\">Open Bic<\/figcaption><\/figure><\/a><\/div>\t\t\t<\/div>\n\t\t\t\t\t\t\t\t\t\t\t\t<div class=\"elementor-swiper-button elementor-swiper-button-prev\" role=\"button\" tabindex=\"0\">\n\t\t\t\t\t\t<svg aria-hidden=\"true\" class=\"e-font-icon-svg e-eicon-chevron-left\" viewBox=\"0 0 1000 1000\" xmlns=\"http:\/\/www.w3.org\/2000\/svg\"><path d=\"M646 125C629 125 613 133 604 142L308 442C296 454 292 471 292 487 292 504 296 521 308 533L604 854C617 867 629 875 646 875 663 875 679 871 692 858 704 846 713 829 713 812 713 796 708 779 692 767L438 487 692 225C700 217 708 204 708 187 708 171 704 154 692 142 675 129 663 125 646 125Z\"><\/path><\/svg>\t\t\t\t\t<\/div>\n\t\t\t\t\t<div class=\"elementor-swiper-button elementor-swiper-button-next\" role=\"button\" tabindex=\"0\">\n\t\t\t\t\t\t<svg aria-hidden=\"true\" class=\"e-font-icon-svg e-eicon-chevron-right\" viewBox=\"0 0 1000 1000\" xmlns=\"http:\/\/www.w3.org\/2000\/svg\"><path d=\"M696 533C708 521 713 504 713 487 713 471 708 454 696 446L400 146C388 133 375 125 354 125 338 125 325 129 313 142 300 154 292 171 292 187 292 204 296 221 308 233L563 492 304 771C292 783 288 800 288 817 288 833 296 850 308 863 321 871 338 875 354 875 371 875 388 867 400 854L696 533Z\"><\/path><\/svg>\t\t\t\t\t<\/div>\n\t\t\t\t\n\t\t\t\t\t\t\t\t\t<div class=\"swiper-pagination\"><\/div>\n\t\t\t\t\t\t\t\t\t<\/div>\n\t\t\t\t\t\t<\/div>\n\t\t\t\t\t<\/div>\n\t\t\t\t<\/div>\n\t\t<div class=\"elementor-element elementor-element-5c47cdb e-flex e-con-boxed e-con e-parent\" data-id=\"5c47cdb\" data-element_type=\"container\">\n\t\t\t\t\t<div class=\"e-con-inner\">\n\t\t\t\t<div class=\"elementor-element elementor-element-077927b elementor-widget elementor-widget-wp-widget-aioseo-breadcrumb-widget\" data-id=\"077927b\" data-element_type=\"widget\" data-widget_type=\"wp-widget-aioseo-breadcrumb-widget.default\">\n\t\t\t\t<div class=\"elementor-widget-container\">\n\t\t\t\t\t<div class=\"aioseo-breadcrumbs\"><span class=\"aioseo-breadcrumb\">\n\t\t\tHome\n\t\t<\/span><\/div>\t\t\t\t<\/div>\n\t\t\t\t<\/div>\n\t\t\t\t\t<\/div>\n\t\t\t\t<\/div>\n\t\t\t\t<\/div>\n\t\t","protected":false},"excerpt":{"rendered":"<p>NOTRE FLOTTE UNE FLOTTE ADAPTEE A TOUS Le Club a un large \u00e9ventail d&#8217;embarcations et de mat\u00e9riel, adapt\u00e9s \u00e0 tous les \u00e2ges , et \u00e0 tous les niveaux! Vous pourrez [&hellip;]<\/p>\n","protected":false},"author":2,"featured_media":0,"parent":0,"menu_order":0,"comment_status":"closed","ping_status":"closed","template":"","meta":{"om_disable_all_campaigns":false,"_monsterinsights_skip_tracking":false,"_monsterinsights_sitenote_active":false,"_monsterinsights_sitenote_note":"","_monsterinsights_sitenote_category":0,"footnotes":""},"class_list":["post-166","page","type-page","status-publish","hentry"],"aioseo_notices":[],"_links":{"self":[{"href":"https:\/\/www.ycbasque.org\/YCB\/wp-json\/wp\/v2\/pages\/166","targetHints":{"allow":["GET"]}}],"collection":[{"href":"https:\/\/www.ycbasque.org\/YCB\/wp-json\/wp\/v2\/pages"}],"about":[{"href":"https:\/\/www.ycbasque.org\/YCB\/wp-json\/wp\/v2\/types\/page"}],"author":[{"embeddable":true,"href":"https:\/\/www.ycbasque.org\/YCB\/wp-json\/wp\/v2\/users\/2"}],"replies":[{"embeddable":true,"href":"https:\/\/www.ycbasque.org\/YCB\/wp-json\/wp\/v2\/comments?post=166"}],"version-history":[{"count":61,"href":"https:\/\/www.ycbasque.org\/YCB\/wp-json\/wp\/v2\/pages\/166\/revisions"}],"predecessor-version":[{"id":2319,"href":"https:\/\/www.ycbasque.org\/YCB\/wp-json\/wp\/v2\/pages\/166\/revisions\/2319"}],"wp:attachment":[{"href":"https:\/\/www.ycbasque.org\/YCB\/wp-json\/wp\/v2\/media?parent=166"}],"curies":[{"name":"wp","href":"https:\/\/api.w.org\/{rel}","templated":true}]}}