{"id":168,"date":"2025-10-26T03:08:16","date_gmt":"2025-10-26T02:08:16","guid":{"rendered":"https:\/\/www.ycbasque.org\/YCB\/?page_id=168"},"modified":"2026-03-07T20:21:38","modified_gmt":"2026-03-07T19:21:38","slug":"handivoile","status":"publish","type":"page","link":"https:\/\/www.ycbasque.org\/YCB\/handivoile\/","title":{"rendered":"Handivoile"},"content":{"rendered":"\t\t<div data-elementor-type=\"wp-page\" data-elementor-id=\"168\" class=\"elementor elementor-168\">\n\t\t\t\t<div class=\"elementor-element elementor-element-fba170f e-flex e-con-boxed e-con e-parent\" data-id=\"fba170f\" data-element_type=\"container\">\n\t\t\t\t\t<div class=\"e-con-inner\">\n\t\t\t\t<div class=\"elementor-element elementor-element-c93f663 elementor-widget elementor-widget-video\" data-id=\"c93f663\" data-element_type=\"widget\" data-settings=\"{&quot;youtube_url&quot;:&quot;https:\\\/\\\/youtu.be\\\/Troc6BgF9Ic&quot;,&quot;lazy_load&quot;:&quot;yes&quot;,&quot;video_type&quot;:&quot;youtube&quot;,&quot;controls&quot;:&quot;yes&quot;}\" data-widget_type=\"video.default\">\n\t\t\t\t\t\t\t<div class=\"elementor-wrapper elementor-open-inline\">\n\t\t\t<div class=\"elementor-video\"><\/div>\t\t<\/div>\n\t\t\t\t\t\t<\/div>\n\t\t\t\t<div class=\"elementor-element elementor-element-26ffb43 elementor-widget elementor-widget-text-editor\" data-id=\"26ffb43\" data-element_type=\"widget\" data-widget_type=\"text-editor.default\">\n\t\t\t\t\t\t\t\t\t<h5 style=\"text-align: center;\">Vid\u00e9o de 2016 du projet<\/h5>\t\t\t\t\t\t\t\t<\/div>\n\t\t<div class=\"elementor-element elementor-element-77132f6 e-con-full e-flex e-con e-child\" data-id=\"77132f6\" data-element_type=\"container\">\n\t\t\t\t<div class=\"elementor-element elementor-element-9ac48d1 elementor-widget elementor-widget-spacer\" data-id=\"9ac48d1\" data-element_type=\"widget\" data-widget_type=\"spacer.default\">\n\t\t\t\t\t\t\t<div class=\"elementor-spacer\">\n\t\t\t<div class=\"elementor-spacer-inner\"><\/div>\n\t\t<\/div>\n\t\t\t\t\t\t<\/div>\n\t\t\t\t<div class=\"elementor-element elementor-element-8cab4e9 elementor-widget elementor-widget-text-editor\" data-id=\"8cab4e9\" data-element_type=\"widget\" data-widget_type=\"text-editor.default\">\n\t\t\t\t\t\t\t\t\t<h4><strong>Port\u00e9 par ses valeurs de partage et de transmission, \u00e0 l\u2019origine de sa cr\u00e9ation, le YCB a ouvert les portes du sport nautique aux personnes en situation de handicap physique, mental, sensoriel, et en souffrance psychique.<\/strong><\/h4><h5>Convaincu que l\u2019environnement nautique et sa pratique sportive, de loisir ou de comp\u00e9tition, concourt au bien-\u00eatre physique et moral, le YCB d\u00e9veloppe, depuis de nombreuses ann\u00e9es, en partenariat avec des associations locales des sorties Handivoile dans le cadre d\u2019une activit\u00e9 Handisport.<\/h5><h5>Par le biais d\u2019un accompagnement qualifi\u00e9 et rassurant, moniteurs et b\u00e9n\u00e9voles, offrent ainsi, aux b\u00e9n\u00e9ficiaires la possibilit\u00e9 de pratiquer cette activit\u00e9 dans notre magnifique baie, depuis Socoa.<\/h5><div class=\"info\">\u00a0<\/div>\t\t\t\t\t\t\t\t<\/div>\n\t\t\t\t<div class=\"elementor-element elementor-element-d5bb194 elementor-widget elementor-widget-image\" data-id=\"d5bb194\" data-element_type=\"widget\" data-widget_type=\"image.default\">\n\t\t\t\t\t\t\t\t\t\t\t\t\t\t\t<img fetchpriority=\"high\" decoding=\"async\" width=\"800\" height=\"571\" src=\"https:\/\/www.ycbasque.org\/YCB\/wp-content\/uploads\/2025\/11\/2025_label_valides_handicapes_YCB.jpg\" class=\"attachment-large size-large wp-image-1308\" alt=\"Handivoile - Valides-handicap\u00e9s\" srcset=\"https:\/\/www.ycbasque.org\/YCB\/wp-content\/uploads\/2025\/11\/2025_label_valides_handicapes_YCB.jpg 987w, https:\/\/www.ycbasque.org\/YCB\/wp-content\/uploads\/2025\/11\/2025_label_valides_handicapes_YCB-300x214.jpg 300w, https:\/\/www.ycbasque.org\/YCB\/wp-content\/uploads\/2025\/11\/2025_label_valides_handicapes_YCB-768x549.jpg 768w\" sizes=\"(max-width: 800px) 100vw, 800px\" \/>\t\t\t\t\t\t\t\t\t\t\t\t\t\t\t<\/div>\n\t\t\t\t<div class=\"elementor-element elementor-element-b2fe1cc elementor-widget elementor-widget-text-editor\" data-id=\"b2fe1cc\" data-element_type=\"widget\" data-widget_type=\"text-editor.default\">\n\t\t\t\t\t\t\t\t\t<p style=\"text-align: center;\">\u00a0<\/p><h5 style=\"text-align: center;\"><a href=\"https:\/\/www.sport-handicap-n-aquitaine.org\/pages\/label-valides-handicapes\" target=\"_blank\" rel=\"noopener\">Label Valides-Handicap\u00e9s &#8211; Sport &amp; Handicap en Nouvelle-Aquitaine<\/a><\/h5><h5 style=\"text-align: center;\"><a href=\"https:\/\/www.cdhandisport64.org\/\" target=\"_blank\" rel=\"noopener\">https:\/\/www.cdhandisport64.org\/<\/a><\/h5><h5 style=\"text-align: center;\"><a href=\"https:\/\/umbraco.ffvoile.fr\/espace-handivalide\/\" target=\"_blank\" rel=\"noopener\">F\u00e9d\u00e9ration Fran\u00e7aise de Voile \u2013 Espace Handivoile<\/a><\/h5><h5 style=\"text-align: center;\"><a title=\"Ligue voile Nouvelle Aquitaine  - Handivoile\" href=\"https:\/\/ligue-voile-nouvelle-aquitaine.fr\/handivoile\/\" target=\"_blank\" rel=\"noopener\">Ligue voile Nouvelle Aquitaine &#8211; Handivoile<\/a><\/h5><p>\u00a0<\/p><h2 style=\"text-align: center;\"><span style=\"color: #333399;\">ACCESSIBILITE ET SECURITE<\/span><\/h2><h5>Ces sorties voiles se font majoritairement sur Open 5.70, et l\u2019embarquement se fait par le biais d\u2019une annexe \u00e0 moteur.<\/h5><h5>Les Open 5.70 sont des bateaux \u00e0 voile con\u00e7us \u00e0 l\u2019origine pour la r\u00e9gate et permettant l\u2019embarquement de quatre personnes (poids maximum de 260kg). Son fond plat permet l\u2019assise. Id\u00e9al donc pour les personnes \u00e0 mobilit\u00e9 r\u00e9duite, en situation de handicap visuel ou sujette aux pertes d\u2019\u00e9quilibre. \u00a0<\/h5><h5>Le club met \u00e0 disposition des gilets de sauvetage, obligatoires d\u00e8s l\u2019arriv\u00e9e sur la digue et sur l\u2019eau.<\/h5><h5>L\u2019utilisation d\u2019une VHF permet \u00e9galement de rester en contact avec l\u2019environnement imm\u00e9diat ainsi qu\u2019avec la base \u00e0 terre afin d\u2019assurer une navigation en toute s\u00e9curit\u00e9.<\/h5><h5>Attention, toutefois, la disposition du port, ainsi que nos finances, ne permettent pas de proposer pour l\u2019instant un ponton facilitant l\u2019embarquement de personnes en fauteuil roulant. Nous vous invitons de ce fait \u00e0 contacter le Yacht Club \u00ab Les Voiles d\u2019Hendaye \u00bb si telle est votre situation.<\/h5><h2 style=\"text-align: center;\"><span style=\"color: #333399;\">Version en Facile \u00e0 Lire et \u00e0 Comprendre (FALC)<\/span><\/h2><h5>Tu es un jeune ou un adulte avec une difficult\u00e9 et tu veux faire du bateau \u00e0 voile\u00a0? Notre club peut t\u2019aider \u00e0 d\u00e9couvrir ce sport. Tu peux nous t\u00e9l\u00e9phoner directement ou demander \u00e0 un proche, une personne de confiance ou ton institution pour nous contacter.<\/h5><h4><span style=\"color: #333399;\">Avant de naviguer\u2026<\/span><\/h4><h5>Tu peux nager ? Si oui, super ! Si tu ne sais pas, nous ferons un petit test avant. Ce qui est important : \u00eatre \u00e0 l\u2019aise et pouvoir bouger facilement dans l\u2019eau avec un gilet de sauvetage. C\u2019est important pour toi et pour les personnes qui sont avec toi.<\/h5><h4><span style=\"color: #333399;\">Qu\u2019est ce que tu prends avec toi\u00a0?<\/span><\/h4><h5>Des v\u00eatements de rechange. Pendant la sortie : des v\u00eatements adapt\u00e9s \u00e0 la m\u00e9t\u00e9o, une protection de pluie et une protection pour le soleil.<\/h5><h4><span style=\"color: #333399;\">Est-ce que c\u2019est fait pour toi\u00a0?<\/span><\/h4><h5>Il faut essayer ! Faire de la voile c\u2019est aussi se laisser glisser sur l\u2019eau tranquillement.<\/h5><h5>Des personnes sont l\u00e0 pour ta s\u00e9curit\u00e9 et pour que tu te sentes bien. Dans les bateaux que nous utilisons, tu peux t\u2019asseoir et profiter de la navigation.<\/h5>\t\t\t\t\t\t\t\t<\/div>\n\t\t\t\t<\/div>\n\t\t\t\t\t<\/div>\n\t\t\t\t<\/div>\n\t\t<div class=\"elementor-element elementor-element-721598c e-flex e-con-boxed e-con e-parent\" data-id=\"721598c\" data-element_type=\"container\">\n\t\t\t\t\t<div class=\"e-con-inner\">\n\t\t\t\t<div class=\"elementor-element elementor-element-c60675f elementor-widget elementor-widget-wp-widget-aioseo-breadcrumb-widget\" data-id=\"c60675f\" data-element_type=\"widget\" data-widget_type=\"wp-widget-aioseo-breadcrumb-widget.default\">\n\t\t\t\t<div class=\"elementor-widget-container\">\n\t\t\t\t\t<div class=\"aioseo-breadcrumbs\"><span class=\"aioseo-breadcrumb\">\n\t\t\tHome\n\t\t<\/span><\/div>\t\t\t\t<\/div>\n\t\t\t\t<\/div>\n\t\t\t\t\t<\/div>\n\t\t\t\t<\/div>\n\t\t\t\t<\/div>\n\t\t","protected":false},"excerpt":{"rendered":"<p>https:\/\/youtu.be\/Troc6BgF9Ic Vid\u00e9o de 2016 du projet Port\u00e9 par ses valeurs de partage et de transmission, \u00e0 l\u2019origine de sa cr\u00e9ation, le YCB a ouvert les portes du sport nautique aux [&hellip;]<\/p>\n","protected":false},"author":2,"featured_media":0,"parent":0,"menu_order":0,"comment_status":"closed","ping_status":"closed","template":"","meta":{"om_disable_all_campaigns":false,"_monsterinsights_skip_tracking":false,"_monsterinsights_sitenote_active":false,"_monsterinsights_sitenote_note":"","_monsterinsights_sitenote_category":0,"footnotes":""},"class_list":["post-168","page","type-page","status-publish","hentry"],"aioseo_notices":[],"_links":{"self":[{"href":"https:\/\/www.ycbasque.org\/YCB\/wp-json\/wp\/v2\/pages\/168","targetHints":{"allow":["GET"]}}],"collection":[{"href":"https:\/\/www.ycbasque.org\/YCB\/wp-json\/wp\/v2\/pages"}],"about":[{"href":"https:\/\/www.ycbasque.org\/YCB\/wp-json\/wp\/v2\/types\/page"}],"author":[{"embeddable":true,"href":"https:\/\/www.ycbasque.org\/YCB\/wp-json\/wp\/v2\/users\/2"}],"replies":[{"embeddable":true,"href":"https:\/\/www.ycbasque.org\/YCB\/wp-json\/wp\/v2\/comments?post=168"}],"version-history":[{"count":79,"href":"https:\/\/www.ycbasque.org\/YCB\/wp-json\/wp\/v2\/pages\/168\/revisions"}],"predecessor-version":[{"id":2354,"href":"https:\/\/www.ycbasque.org\/YCB\/wp-json\/wp\/v2\/pages\/168\/revisions\/2354"}],"wp:attachment":[{"href":"https:\/\/www.ycbasque.org\/YCB\/wp-json\/wp\/v2\/media?parent=168"}],"curies":[{"name":"wp","href":"https:\/\/api.w.org\/{rel}","templated":true}]}}