{"id":1689,"date":"2025-11-12T10:34:30","date_gmt":"2025-11-12T09:34:30","guid":{"rendered":"https:\/\/www.ycbasque.org\/YCB\/?page_id=1689"},"modified":"2026-03-17T10:05:10","modified_gmt":"2026-03-17T09:05:10","slug":"webcam_meteo","status":"publish","type":"page","link":"https:\/\/www.ycbasque.org\/YCB\/webcam_meteo\/","title":{"rendered":"Webcam_Meteo"},"content":{"rendered":"\t\t<div data-elementor-type=\"wp-page\" data-elementor-id=\"1689\" class=\"elementor elementor-1689\">\n\t\t\t\t<div class=\"elementor-element elementor-element-22213dc e-flex e-con-boxed e-con e-parent\" data-id=\"22213dc\" data-element_type=\"container\">\n\t\t\t\t\t<div class=\"e-con-inner\">\n\t\t\t\t<div class=\"elementor-element elementor-element-46c27fb elementor-widget elementor-widget-spacer\" data-id=\"46c27fb\" data-element_type=\"widget\" data-widget_type=\"spacer.default\">\n\t\t\t\t\t\t\t<div class=\"elementor-spacer\">\n\t\t\t<div class=\"elementor-spacer-inner\"><\/div>\n\t\t<\/div>\n\t\t\t\t\t\t<\/div>\n\t\t\t\t<div class=\"elementor-element elementor-element-8cdb47e elementor-widget elementor-widget-heading\" data-id=\"8cdb47e\" data-element_type=\"widget\" data-widget_type=\"heading.default\">\n\t\t\t\t\t<h1 class=\"elementor-heading-title elementor-size-default\">M\u00e9t\u00e9o de Saint Jean de luz &amp; Ciboure<br>Aujourd'hui, et pr\u00e9visions en temps r\u00e9el<\/h1>\t\t\t\t<\/div>\n\t\t\t\t<div class=\"elementor-element elementor-element-821c5db elementor-widget elementor-widget-spacer\" data-id=\"821c5db\" data-element_type=\"widget\" data-widget_type=\"spacer.default\">\n\t\t\t\t\t\t\t<div class=\"elementor-spacer\">\n\t\t\t<div class=\"elementor-spacer-inner\"><\/div>\n\t\t<\/div>\n\t\t\t\t\t\t<\/div>\n\t\t\t\t<div class=\"elementor-element elementor-element-48d105e elementor-widget elementor-widget-heading\" data-id=\"48d105e\" data-element_type=\"widget\" data-widget_type=\"heading.default\">\n\t\t\t\t\t<h2 class=\"elementor-heading-title elementor-size-default\">Vous  trouverez ici tout ce dont  vous avez besoin pour vos navigations ou passer \u00e0 la plage sur Saint-Jean-de-Luz, Ciboure ou Socoa <\/h2>\t\t\t\t<\/div>\n\t\t\t\t<div class=\"elementor-element elementor-element-976b1dc elementor-widget elementor-widget-spacer\" data-id=\"976b1dc\" data-element_type=\"widget\" data-widget_type=\"spacer.default\">\n\t\t\t\t\t\t\t<div class=\"elementor-spacer\">\n\t\t\t<div class=\"elementor-spacer-inner\"><\/div>\n\t\t<\/div>\n\t\t\t\t\t\t<\/div>\n\t\t\t\t\t<\/div>\n\t\t\t\t<\/div>\n\t\t<div class=\"elementor-element elementor-element-5045e4c e-flex e-con-boxed e-con e-parent\" data-id=\"5045e4c\" data-element_type=\"container\">\n\t\t\t\t\t<div class=\"e-con-inner\">\n\t\t\t\t<div class=\"elementor-element elementor-element-6a2e0ee elementor-widget elementor-widget-html\" data-id=\"6a2e0ee\" data-element_type=\"widget\" data-widget_type=\"html.default\">\n\t\t\t\t\t<iframe id=\"widget_autocomplete_preview\"  width=\"150\" height=\"300\" frameborder=\"0\" src=\"https:\/\/meteofrance.com\/widget\/prevision\/641890##3D6AA2\" title=\"Pr\u00e9visions Ciboure par M\u00e9t\u00e9o-France\"> <\/iframe>\r\n\t\t\t\t<\/iframe>\t\t\t\t<\/div>\n\t\t<div class=\"elementor-element elementor-element-0a10485 e-con-full e-flex e-con e-child\" data-id=\"0a10485\" data-element_type=\"container\">\n\t\t\t\t<div class=\"elementor-element elementor-element-639be17 elementor-widget__width-initial elementor-widget elementor-widget-text-editor\" data-id=\"639be17\" data-element_type=\"widget\" data-widget_type=\"text-editor.default\">\n\t\t\t\t\t\t\t\t\t<p><a href=\"https:\/\/vigilance.meteofrance.fr\/fr\/pyrenees-atlantiques\" target=\"_blank\" rel=\"noopener\">Vigilance M\u00e9t\u00e9o France 64<\/a><\/p><p><a href=\"https:\/\/meteofrance.com\/meteo-marine\/saint-jean-de-luz\/570211\" target=\"_blank\" rel=\"noopener\">Bulletin et pr\u00e9visions M\u00e9t\u00e9o-France &#8211; Saint-Jean-de-Luz<\/a><\/p><p><a href=\"https:\/\/www.infoclimat.fr\/observations-meteo\/temps-reel\/ciboure-pointe-de-socoa\/07600.html\" target=\"_blank\" rel=\"noopener\">Donn\u00e9es S\u00e9maphore Socoa<\/a><\/p><p><a title=\"M\u00e9t\u00e9ociel temp\u00e9rature de la mer\" href=\"https:\/\/www.meteociel.fr\/observations-meteo\/temperature-de-la-mer.php\" target=\"_blank\" rel=\"noopener\">M\u00e9t\u00e9ociel temp\u00e9rature de la mer<\/a><\/p>\t\t\t\t\t\t\t\t<\/div>\n\t\t<div class=\"elementor-element elementor-element-3877133 e-con-full e-flex e-con e-child\" data-id=\"3877133\" data-element_type=\"container\">\n\t\t\t\t<div class=\"elementor-element elementor-element-723616e elementor-widget elementor-widget-heading\" data-id=\"723616e\" data-element_type=\"widget\" data-widget_type=\"heading.default\">\n\t\t\t\t\t<h4 class=\"elementor-heading-title elementor-size-default\">Soutenez la<\/h4>\t\t\t\t<\/div>\n\t\t\t\t<div class=\"elementor-element elementor-element-14eb1c3 elementor-widget elementor-widget-image\" data-id=\"14eb1c3\" data-element_type=\"widget\" data-widget_type=\"image.default\">\n\t\t\t\t\t\t\t\t\t\t\t\t\t\t\t\t<a href=\"https:\/\/www.snsm.org\/\" target=\"_blank\">\n\t\t\t\t\t\t\t<img decoding=\"async\" width=\"176\" height=\"176\" src=\"https:\/\/www.ycbasque.org\/YCB\/wp-content\/uploads\/2025\/11\/logo_SNSM.png\" class=\"elementor-animation-pop attachment-medium size-medium wp-image-2046\" alt=\"\" srcset=\"https:\/\/www.ycbasque.org\/YCB\/wp-content\/uploads\/2025\/11\/logo_SNSM.png 176w, https:\/\/www.ycbasque.org\/YCB\/wp-content\/uploads\/2025\/11\/logo_SNSM-150x150.png 150w\" sizes=\"(max-width: 176px) 100vw, 176px\" \/>\t\t\t\t\t\t\t\t<\/a>\n\t\t\t\t\t\t\t\t\t\t\t\t\t\t\t<\/div>\n\t\t\t\t<\/div>\n\t\t\t\t<\/div>\n\t\t\t\t\t<\/div>\n\t\t\t\t<\/div>\n\t\t<div class=\"elementor-element elementor-element-9487a5e e-flex e-con-boxed e-con e-parent\" data-id=\"9487a5e\" data-element_type=\"container\">\n\t\t\t\t\t<div class=\"e-con-inner\">\n\t\t\t\t<div class=\"elementor-element elementor-element-65a9d2a elementor-widget elementor-widget-html\" data-id=\"65a9d2a\" data-element_type=\"widget\" data-widget_type=\"html.default\">\n\t\t\t\t\t<script id=\"wg_fwdg_500963_100_1773738235081\">\r\n(function (window, document) {\r\n  var loader = function () {\r\n    var arg = [\"s=500963\" ,\"m=100\",\"mw=84\",\"uid=wg_fwdg_500963_100_1773738235081\" ,\"wj=knots\" ,\"tj=c\" ,\"waj=m\" ,\"tij=cm\" ,\"odh=0\" ,\"doh=24\" ,\"fhours=240\" ,\"hrsm=3\" ,\"vt=forecasts\" ,\"lng=fr\" ,\"idbs=1\" ,\"ts=2\" ,\"p=TMPE,WINDSPD,GUST,SMER,HTSGW,PERPW,DIRPW,SWEN1,CDC,APCP1s,SLP,RH,RATING\"];\r\n    var script = document.createElement(\"script\");\r\n    var tag = document.getElementsByTagName(\"script\")[0];\r\n    script.src = \"https:\/\/www.windguru.cz\/js\/widget.php?\"+(arg.join(\"&\"));\r\n    tag.parentNode.insertBefore(script, tag);\r\n  };\r\n  window.addEventListener ? window.addEventListener(\"load\", loader, false) : window.attachEvent(\"onload\", loader);\r\n})(window, document);\r\n<\/script>\t\t\t\t<\/div>\n\t\t\t\t<div class=\"elementor-element elementor-element-eecf17a elementor-widget-divider--view-line elementor-widget elementor-widget-divider\" data-id=\"eecf17a\" data-element_type=\"widget\" data-widget_type=\"divider.default\">\n\t\t\t\t\t\t\t<div class=\"elementor-divider\">\n\t\t\t<span class=\"elementor-divider-separator\">\n\t\t\t\t\t\t<\/span>\n\t\t<\/div>\n\t\t\t\t\t\t<\/div>\n\t\t\t\t\t<\/div>\n\t\t\t\t<\/div>\n\t\t<div class=\"elementor-element elementor-element-2e2bc22 e-flex e-con-boxed e-con e-parent\" data-id=\"2e2bc22\" data-element_type=\"container\">\n\t\t\t\t\t<div class=\"e-con-inner\">\n\t\t\t\t<div class=\"elementor-element elementor-element-f1c0974 elementor-widget elementor-widget-heading\" data-id=\"f1c0974\" data-element_type=\"widget\" data-widget_type=\"heading.default\">\n\t\t\t\t\t<h2 class=\"elementor-heading-title elementor-size-default\">WEBCAMS de la baie de Saint-Jean-de-Luz - Ciboure<\/h2>\t\t\t\t<\/div>\n\t\t\t\t<div class=\"elementor-element elementor-element-0229ee4 elementor-widget elementor-widget-text-editor\" data-id=\"0229ee4\" data-element_type=\"widget\" data-widget_type=\"text-editor.default\">\n\t\t\t\t\t\t\t\t\t<p style=\"text-align: center;\">Rafraichissez la page pour actualiser les vid\u00e9os<\/p>\t\t\t\t\t\t\t\t<\/div>\n\t\t\t\t\t<\/div>\n\t\t\t\t<\/div>\n\t\t<div class=\"elementor-element elementor-element-c731b22 e-grid e-con-full e-con e-parent\" data-id=\"c731b22\" data-element_type=\"container\">\n\t\t<div class=\"elementor-element elementor-element-63d3f48 e-flex e-con-boxed e-con e-child\" data-id=\"63d3f48\" data-element_type=\"container\">\n\t\t\t\t\t<div class=\"e-con-inner\">\n\t\t\t\t<div class=\"elementor-element elementor-element-548c68b elementor-widget elementor-widget-html\" data-id=\"548c68b\" data-element_type=\"widget\" data-widget_type=\"html.default\">\n\t\t\t\t\t<iframe src=\"https:\/\/pv.viewsurf.com\/480\/Saint-Jean-de-Luz?i=MzExNDo\"   height=\"315\" frameborder=\"2\">\r\n\t\t\t\t<\/iframe>\t\t\t\t<\/div>\n\t\t\t\t<div class=\"elementor-element elementor-element-3d4acc2 elementor-widget elementor-widget-text-editor\" data-id=\"3d4acc2\" data-element_type=\"widget\" data-widget_type=\"text-editor.default\">\n\t\t\t\t\t\t\t\t\t<p style=\"text-align: center;\"><a href=\"https:\/\/pv.viewsurf.com\/480\/Saint-Jean-de-Luz?i=MzExNDo\" target=\"_blank\" rel=\"noopener\">Grande taille<\/a><\/p>\t\t\t\t\t\t\t\t<\/div>\n\t\t\t\t\t<\/div>\n\t\t\t\t<\/div>\n\t\t<div class=\"elementor-element elementor-element-8cf2ba8 e-flex e-con-boxed e-con e-child\" data-id=\"8cf2ba8\" data-element_type=\"container\">\n\t\t\t\t\t<div class=\"e-con-inner\">\n\t\t\t\t<div class=\"elementor-element elementor-element-b26f1b4 elementor-widget elementor-widget-html\" data-id=\"b26f1b4\" data-element_type=\"widget\" data-widget_type=\"html.default\">\n\t\t\t\t\t<iframe src=\"https:\/\/pv.viewsurf.com\/480\/Saint-Jean-de-Luz?i=MzEyNjo\"   height=\"315\" frameborder=\"0\">\r\n\t\t\t\t<\/iframe>\t\t\t\t<\/div>\n\t\t\t\t<div class=\"elementor-element elementor-element-dfa4146 elementor-widget elementor-widget-text-editor\" data-id=\"dfa4146\" data-element_type=\"widget\" data-widget_type=\"text-editor.default\">\n\t\t\t\t\t\t\t\t\t<p style=\"text-align: center;\"><a href=\"https:\/\/pv.viewsurf.com\/480\/Saint-Jean-de-Luz?i=MzEyNjo\" target=\"_blank\" rel=\"noopener\">Grande taille<\/a><\/p>\t\t\t\t\t\t\t\t<\/div>\n\t\t\t\t\t<\/div>\n\t\t\t\t<\/div>\n\t\t<div class=\"elementor-element elementor-element-69b0a00 e-con-full e-flex e-con e-child\" data-id=\"69b0a00\" data-element_type=\"container\">\n\t\t\t\t<div class=\"elementor-element elementor-element-6dfc613 elementor-widget elementor-widget-html\" data-id=\"6dfc613\" data-element_type=\"widget\" data-widget_type=\"html.default\">\n\t\t\t\t\t<iframe src=\"https:\/\/pv.viewsurf.com\/480\/Saint-Jean-de-Luz?i=MzExMDo\"   height=\"315\" frameborder=\"0\">\r\n\t\t\t\t<\/iframe>\t\t\t\t<\/div>\n\t\t\t\t<div class=\"elementor-element elementor-element-33f1192 elementor-widget elementor-widget-text-editor\" data-id=\"33f1192\" data-element_type=\"widget\" data-widget_type=\"text-editor.default\">\n\t\t\t\t\t\t\t\t\t<p style=\"text-align: center;\"><a href=\"https:\/\/pv.viewsurf.com\/480\/Saint-Jean-de-Luz?i=MzExMDo\" target=\"_blank\" rel=\"noopener\">Grande taille<\/a><\/p>\t\t\t\t\t\t\t\t<\/div>\n\t\t\t\t<\/div>\n\t\t<div class=\"elementor-element elementor-element-f6051fc e-con-full e-flex e-con e-child\" data-id=\"f6051fc\" data-element_type=\"container\">\n\t\t\t\t<div class=\"elementor-element elementor-element-4fa7958 elementor-widget elementor-widget-html\" data-id=\"4fa7958\" data-element_type=\"widget\" data-widget_type=\"html.default\">\n\t\t\t\t\t<iframe src=\"https:\/\/pv.viewsurf.com\/480\/Saint-Jean-de-Luz?i=MzEwODo\"   height=\"315\" frameborder=\"0\">\r\n\t\t\t\t<\/iframe>\t\t\t\t<\/div>\n\t\t\t\t<div class=\"elementor-element elementor-element-34c0d3d elementor-widget elementor-widget-text-editor\" data-id=\"34c0d3d\" data-element_type=\"widget\" data-widget_type=\"text-editor.default\">\n\t\t\t\t\t\t\t\t\t<p style=\"text-align: center;\"><a href=\"https:\/\/pv.viewsurf.com\/480\/Saint-Jean-de-Luz?i=MzEwODo\" target=\"_blank\" rel=\"noopener\">Grande taille<\/a><\/p>\t\t\t\t\t\t\t\t<\/div>\n\t\t\t\t<\/div>\n\t\t\t\t<\/div>\n\t\t<div class=\"elementor-element elementor-element-47169ed e-flex e-con-boxed e-con e-parent\" data-id=\"47169ed\" data-element_type=\"container\">\n\t\t\t\t\t<div class=\"e-con-inner\">\n\t\t\t\t<div class=\"elementor-element elementor-element-b0cf22d elementor-widget-divider--view-line elementor-widget elementor-widget-divider\" data-id=\"b0cf22d\" data-element_type=\"widget\" data-widget_type=\"divider.default\">\n\t\t\t\t\t\t\t<div class=\"elementor-divider\">\n\t\t\t<span class=\"elementor-divider-separator\">\n\t\t\t\t\t\t<\/span>\n\t\t<\/div>\n\t\t\t\t\t\t<\/div>\n\t\t\t\t<div class=\"elementor-element elementor-element-64499c7 elementor-widget elementor-widget-heading\" data-id=\"64499c7\" data-element_type=\"widget\" data-widget_type=\"heading.default\">\n\t\t\t\t\t<h2 class=\"elementor-heading-title elementor-size-default\">Zones r\u00e9glement\u00e9es de la baie de Saint-Jean-de-Luz - Ciboure<\/h2>\t\t\t\t<\/div>\n\t\t\t\t<div class=\"elementor-element elementor-element-35c887a elementor-widget elementor-widget-text-editor\" data-id=\"35c887a\" data-element_type=\"widget\" data-widget_type=\"text-editor.default\">\n\t\t\t\t\t\t\t\t\t<p style=\"text-align: center;\">R\u00e9glementation \u00e0 conna\u00eetre pour le bien de tous<\/p>\t\t\t\t\t\t\t\t<\/div>\n\t\t\t\t<div class=\"elementor-element elementor-element-aeb6dae elementor-widget elementor-widget-spacer\" data-id=\"aeb6dae\" data-element_type=\"widget\" data-widget_type=\"spacer.default\">\n\t\t\t\t\t\t\t<div class=\"elementor-spacer\">\n\t\t\t<div class=\"elementor-spacer-inner\"><\/div>\n\t\t<\/div>\n\t\t\t\t\t\t<\/div>\n\t\t\t\t<div class=\"elementor-element elementor-element-b4cbaab elementor-widget elementor-widget-image\" data-id=\"b4cbaab\" data-element_type=\"widget\" data-widget_type=\"image.default\">\n\t\t\t\t\t\t\t\t\t\t\t\t\t\t\t<img fetchpriority=\"high\" decoding=\"async\" width=\"1392\" height=\"687\" src=\"https:\/\/www.ycbasque.org\/YCB\/wp-content\/uploads\/2026\/03\/2022_zones_reglementees_baie_de_Saint-jean-de-luz-Ciboure.png\" class=\"attachment-full size-full wp-image-2344\" alt=\"Zones r\u00e9glement\u00e9es de la baie de Saint-Jean-de-Luz - Ciboure - Socoa\" srcset=\"https:\/\/www.ycbasque.org\/YCB\/wp-content\/uploads\/2026\/03\/2022_zones_reglementees_baie_de_Saint-jean-de-luz-Ciboure.png 1392w, https:\/\/www.ycbasque.org\/YCB\/wp-content\/uploads\/2026\/03\/2022_zones_reglementees_baie_de_Saint-jean-de-luz-Ciboure-300x148.png 300w, https:\/\/www.ycbasque.org\/YCB\/wp-content\/uploads\/2026\/03\/2022_zones_reglementees_baie_de_Saint-jean-de-luz-Ciboure-1024x505.png 1024w, https:\/\/www.ycbasque.org\/YCB\/wp-content\/uploads\/2026\/03\/2022_zones_reglementees_baie_de_Saint-jean-de-luz-Ciboure-768x379.png 768w\" sizes=\"(max-width: 1392px) 100vw, 1392px\" \/>\t\t\t\t\t\t\t\t\t\t\t\t\t\t\t<\/div>\n\t\t\t\t\t<\/div>\n\t\t\t\t<\/div>\n\t\t\t\t<\/div>\n\t\t","protected":false},"excerpt":{"rendered":"<p>M\u00e9t\u00e9o de Saint Jean de luz &amp; CiboureAujourd&#8217;hui, et pr\u00e9visions en temps r\u00e9el Vous trouverez ici tout ce dont vous avez besoin pour vos navigations ou passer \u00e0 la plage [&hellip;]<\/p>\n","protected":false},"author":2,"featured_media":0,"parent":0,"menu_order":0,"comment_status":"closed","ping_status":"closed","template":"","meta":{"om_disable_all_campaigns":false,"_monsterinsights_skip_tracking":false,"_monsterinsights_sitenote_active":false,"_monsterinsights_sitenote_note":"","_monsterinsights_sitenote_category":0,"footnotes":""},"class_list":["post-1689","page","type-page","status-publish","hentry"],"aioseo_notices":[],"_links":{"self":[{"href":"https:\/\/www.ycbasque.org\/YCB\/wp-json\/wp\/v2\/pages\/1689","targetHints":{"allow":["GET"]}}],"collection":[{"href":"https:\/\/www.ycbasque.org\/YCB\/wp-json\/wp\/v2\/pages"}],"about":[{"href":"https:\/\/www.ycbasque.org\/YCB\/wp-json\/wp\/v2\/types\/page"}],"author":[{"embeddable":true,"href":"https:\/\/www.ycbasque.org\/YCB\/wp-json\/wp\/v2\/users\/2"}],"replies":[{"embeddable":true,"href":"https:\/\/www.ycbasque.org\/YCB\/wp-json\/wp\/v2\/comments?post=1689"}],"version-history":[{"count":154,"href":"https:\/\/www.ycbasque.org\/YCB\/wp-json\/wp\/v2\/pages\/1689\/revisions"}],"predecessor-version":[{"id":2440,"href":"https:\/\/www.ycbasque.org\/YCB\/wp-json\/wp\/v2\/pages\/1689\/revisions\/2440"}],"wp:attachment":[{"href":"https:\/\/www.ycbasque.org\/YCB\/wp-json\/wp\/v2\/media?parent=1689"}],"curies":[{"name":"wp","href":"https:\/\/api.w.org\/{rel}","templated":true}]}}