{"id":170,"date":"2025-10-26T03:09:09","date_gmt":"2025-10-26T02:09:09","guid":{"rendered":"https:\/\/www.ycbasque.org\/YCB\/?page_id=170"},"modified":"2026-03-08T12:38:04","modified_gmt":"2026-03-08T11:38:04","slug":"les-regates","status":"publish","type":"page","link":"https:\/\/www.ycbasque.org\/YCB\/les-regates\/","title":{"rendered":"Les r\u00e9gates"},"content":{"rendered":"\t\t<div data-elementor-type=\"wp-page\" data-elementor-id=\"170\" class=\"elementor elementor-170\">\n\t\t\t\t<div class=\"elementor-element elementor-element-4d9909d e-flex e-con-boxed e-con e-parent\" data-id=\"4d9909d\" data-element_type=\"container\">\n\t\t\t\t\t<div class=\"e-con-inner\">\n\t\t<div class=\"elementor-element elementor-element-dd7c474 e-con-full e-flex e-con e-child\" data-id=\"dd7c474\" data-element_type=\"container\" data-settings=\"{&quot;background_background&quot;:&quot;classic&quot;}\">\n\t\t\t\t<div class=\"elementor-element elementor-element-25c17f7 elementor-widget elementor-widget-heading\" data-id=\"25c17f7\" data-element_type=\"widget\" data-widget_type=\"heading.default\">\n\t\t\t\t\t<h1 class=\"elementor-heading-title elementor-size-default\">LES REGATES<\/h1>\t\t\t\t<\/div>\n\t\t\t\t<div class=\"elementor-element elementor-element-ef841c2 elementor-widget__width-initial elementor-widget-divider--view-line_icon elementor-view-default elementor-widget-divider--element-align-center elementor-invisible elementor-widget elementor-widget-divider\" data-id=\"ef841c2\" data-element_type=\"widget\" data-settings=\"{&quot;_animation&quot;:&quot;fadeIn&quot;}\" data-widget_type=\"divider.default\">\n\t\t\t\t\t\t\t<div class=\"elementor-divider\">\n\t\t\t<span class=\"elementor-divider-separator\">\n\t\t\t\t\t\t\t<div class=\"elementor-icon elementor-divider__element\">\n\t\t\t\t\t<svg aria-hidden=\"true\" class=\"e-font-icon-svg e-fas-anchor\" viewBox=\"0 0 576 512\" xmlns=\"http:\/\/www.w3.org\/2000\/svg\"><path d=\"M12.971 352h32.394C67.172 454.735 181.944 512 288 512c106.229 0 220.853-57.38 242.635-160h32.394c10.691 0 16.045-12.926 8.485-20.485l-67.029-67.029c-4.686-4.686-12.284-4.686-16.971 0l-67.029 67.029c-7.56 7.56-2.206 20.485 8.485 20.485h35.146c-20.29 54.317-84.963 86.588-144.117 94.015V256h52c6.627 0 12-5.373 12-12v-40c0-6.627-5.373-12-12-12h-52v-5.47c37.281-13.178 63.995-48.725 64-90.518C384.005 43.772 341.605.738 289.37.01 235.723-.739 192 42.525 192 96c0 41.798 26.716 77.35 64 90.53V192h-52c-6.627 0-12 5.373-12 12v40c0 6.627 5.373 12 12 12h52v190.015c-58.936-7.399-123.82-39.679-144.117-94.015h35.146c10.691 0 16.045-12.926 8.485-20.485l-67.029-67.029c-4.686-4.686-12.284-4.686-16.971 0L4.485 331.515C-3.074 339.074 2.28 352 12.971 352zM288 64c17.645 0 32 14.355 32 32s-14.355 32-32 32-32-14.355-32-32 14.355-32 32-32z\"><\/path><\/svg><\/div>\n\t\t\t\t\t\t<\/span>\n\t\t<\/div>\n\t\t\t\t\t\t<\/div>\n\t\t\t\t<\/div>\n\t\t<div class=\"elementor-element elementor-element-d5aa5a3 e-con-full e-flex e-con e-child\" data-id=\"d5aa5a3\" data-element_type=\"container\">\n\t\t<div class=\"elementor-element elementor-element-6535d8b e-con-full e-flex e-con e-child\" data-id=\"6535d8b\" data-element_type=\"container\">\n\t\t\t\t<div class=\"elementor-element elementor-element-42670be elementor-widget elementor-widget-image\" data-id=\"42670be\" data-element_type=\"widget\" data-widget_type=\"image.default\">\n\t\t\t\t\t\t\t\t\t\t\t\t\t\t\t<img fetchpriority=\"high\" decoding=\"async\" width=\"276\" height=\"183\" src=\"https:\/\/www.ycbasque.org\/YCB\/wp-content\/uploads\/2025\/11\/images.jpg\" class=\"attachment-large size-large wp-image-1575\" alt=\"\" \/>\t\t\t\t\t\t\t\t\t\t\t\t\t\t\t<\/div>\n\t\t\t\t<\/div>\n\t\t<div class=\"elementor-element elementor-element-f0428ba e-con-full e-flex e-con e-child\" data-id=\"f0428ba\" data-element_type=\"container\">\n\t\t\t\t<div class=\"elementor-element elementor-element-20a60b2 elementor-widget elementor-widget-heading\" data-id=\"20a60b2\" data-element_type=\"widget\" data-widget_type=\"heading.default\">\n\t\t\t\t\t<h2 class=\"elementor-heading-title elementor-size-default\">LES REGATES<\/h2>\t\t\t\t<\/div>\n\t\t\t\t<div class=\"elementor-element elementor-element-b34a4cc elementor-widget elementor-widget-text-editor\" data-id=\"b34a4cc\" data-element_type=\"widget\" data-widget_type=\"text-editor.default\">\n\t\t\t\t\t\t\t\t\t<p>\u00a0<\/p><p>Des r\u00e9gates sont organis\u00e9es r\u00e9guli\u00e8rement au sein du Club.<br \/>Nous participons \u00e9galement \u00e0 des r\u00e9gates organis\u00e9es sur d&#8217;autres sites toute l&#8217;ann\u00e9e.<\/p><p>Pour le calendrier de nos r\u00e9gates, consulter <a href=\"https:\/\/www.ycbasque.org\/YCB\/calendrier\/\">notre calendrier sportif ici<\/a><\/p>\t\t\t\t\t\t\t\t<\/div>\n\t\t\t\t<\/div>\n\t\t\t\t<\/div>\n\t\t\t\t<div class=\"elementor-element elementor-element-e66c388 elementor-widget-divider--view-line elementor-widget elementor-widget-divider\" data-id=\"e66c388\" data-element_type=\"widget\" data-widget_type=\"divider.default\">\n\t\t\t\t\t\t\t<div class=\"elementor-divider\">\n\t\t\t<span class=\"elementor-divider-separator\">\n\t\t\t\t\t\t<\/span>\n\t\t<\/div>\n\t\t\t\t\t\t<\/div>\n\t\t<div class=\"elementor-element elementor-element-de1c63c e-con-full e-flex e-con e-child\" data-id=\"de1c63c\" data-element_type=\"container\">\n\t\t\t\t<div class=\"elementor-element elementor-element-23e6e3b elementor-widget elementor-widget-heading\" data-id=\"23e6e3b\" data-element_type=\"widget\" data-widget_type=\"heading.default\">\n\t\t\t\t\t<h2 class=\"elementor-heading-title elementor-size-default\">LE PLAISIR D'ARBITRER<\/h2>\t\t\t\t<\/div>\n\t\t\t\t<div class=\"elementor-element elementor-element-ec3813e elementor-widget__width-initial elementor-widget elementor-widget-text-editor\" data-id=\"ec3813e\" data-element_type=\"widget\" data-widget_type=\"text-editor.default\">\n\t\t\t\t\t\t\t\t\t<p><span style=\"color: #131313; font-family: Roboto, Arial, sans-serif; font-size: 14px; white-space-collapse: preserve; background-color: rgba(0, 0, 0, 0.05);\">Arbitrer, c\u2019est:<\/span><\/p><ul><li><span style=\"color: #131313; font-family: Roboto, Arial, sans-serif; font-size: 14px; white-space-collapse: preserve; background-color: rgba(0, 0, 0, 0.05);\">travailler en \u00e9quipe,<\/span><\/li><li>\u00a0c\u00f4toyer des sportifs de tous les niveaux, c&#8217;est les accompagner dans leur pratique et dans leur progression<\/li><li>se former, partager des temps de convivialit\u00e9,<\/li><li>participer au jeu de la r\u00e9gate,<\/li><li>se faire plaisir et \u00eatre un acteur du d\u00e9veloppement de la voile reconnu et respect\u00e9,<\/li><li>accompagner, partager et transmettre.<\/li><\/ul><p style=\"text-align: center;\"><a href=\"https:\/\/arbitrage.ffvoile.fr\/larbitrage\/le-plaisir-darbitrer\/\" target=\"_blank\" rel=\"noopener\">L&#8217;arbitrage &#8211; site de la FFVoile<\/a><\/p>\t\t\t\t\t\t\t\t<\/div>\n\t\t\t\t<div class=\"elementor-element elementor-element-6831fd7 elementor-widget elementor-widget-spacer\" data-id=\"6831fd7\" data-element_type=\"widget\" data-widget_type=\"spacer.default\">\n\t\t\t\t\t\t\t<div class=\"elementor-spacer\">\n\t\t\t<div class=\"elementor-spacer-inner\"><\/div>\n\t\t<\/div>\n\t\t\t\t\t\t<\/div>\n\t\t\t\t<div class=\"elementor-element elementor-element-3ccba39 elementor-widget elementor-widget-heading\" data-id=\"3ccba39\" data-element_type=\"widget\" data-widget_type=\"heading.default\">\n\t\t\t\t\t<h3 class=\"elementor-heading-title elementor-size-default\">N\u00b4h\u00e9sitez pas \u00e0 venir nous voir pour vous renseigner!<\/h3>\t\t\t\t<\/div>\n\t\t\t\t<div class=\"elementor-element elementor-element-16e3e42 elementor-widget elementor-widget-spacer\" data-id=\"16e3e42\" data-element_type=\"widget\" data-widget_type=\"spacer.default\">\n\t\t\t\t\t\t\t<div class=\"elementor-spacer\">\n\t\t\t<div class=\"elementor-spacer-inner\"><\/div>\n\t\t<\/div>\n\t\t\t\t\t\t<\/div>\n\t\t\t\t<div class=\"elementor-element elementor-element-4e355fe elementor-widget__width-initial elementor-widget elementor-widget-video\" data-id=\"4e355fe\" data-element_type=\"widget\" data-settings=\"{&quot;youtube_url&quot;:&quot;https:\\\/\\\/www.youtube.com\\\/watch?v=UaB1pQPYN4s&quot;,&quot;video_type&quot;:&quot;youtube&quot;,&quot;controls&quot;:&quot;yes&quot;}\" data-widget_type=\"video.default\">\n\t\t\t\t\t\t\t<div class=\"elementor-wrapper elementor-open-inline\">\n\t\t\t<div class=\"elementor-video\"><\/div>\t\t<\/div>\n\t\t\t\t\t\t<\/div>\n\t\t\t\t<div class=\"elementor-element elementor-element-acd0602 elementor-widget-divider--view-line elementor-widget elementor-widget-divider\" data-id=\"acd0602\" data-element_type=\"widget\" data-widget_type=\"divider.default\">\n\t\t\t\t\t\t\t<div class=\"elementor-divider\">\n\t\t\t<span class=\"elementor-divider-separator\">\n\t\t\t\t\t\t<\/span>\n\t\t<\/div>\n\t\t\t\t\t\t<\/div>\n\t\t<div class=\"elementor-element elementor-element-43f2ace e-con-full e-flex e-con e-child\" data-id=\"43f2ace\" data-element_type=\"container\">\n\t\t\t\t<div class=\"elementor-element elementor-element-856a925 elementor-widget elementor-widget-heading\" data-id=\"856a925\" data-element_type=\"widget\" data-widget_type=\"heading.default\">\n\t\t\t\t\t<h2 class=\"elementor-heading-title elementor-size-default\">LES R\u00c8GLES BASIQUES DE LA R\u00c9GATE<\/h2>\t\t\t\t<\/div>\n\t\t\t\t<div class=\"elementor-element elementor-element-2fecdd1 elementor-widget elementor-widget-spacer\" data-id=\"2fecdd1\" data-element_type=\"widget\" data-widget_type=\"spacer.default\">\n\t\t\t\t\t\t\t<div class=\"elementor-spacer\">\n\t\t\t<div class=\"elementor-spacer-inner\"><\/div>\n\t\t<\/div>\n\t\t\t\t\t\t<\/div>\n\t\t\t\t<div class=\"elementor-element elementor-element-ddee789 elementor-widget__width-initial elementor-widget elementor-widget-text-editor\" data-id=\"ddee789\" data-element_type=\"widget\" data-widget_type=\"text-editor.default\">\n\t\t\t\t\t\t\t\t\t<p class=\"title-style3\">Le jeu de la r\u00e9gate peut se jouer gr\u00e2ce \u00e0 ses r\u00e8gles qui permettent le bon d\u00e9roulement du jeu, depuis son d\u00e9part jusqu\u2019\u00e0 son arriv\u00e9e, jusqu\u2019\u00e0 la victoire !<\/p><p class=\"title-style3\">Le but du jeu de la r\u00e9gate est on ne peut plus simple : il faut \u00eatre le premier sur la ligne d\u2019arriv\u00e9e.<\/p><p class=\"title-style3\">L\u2019ensemble de ces r\u00e8gles (Les R\u00e8gles de Course \u00e0 la Voile) est \u00e9dit\u00e9 tous les quatre ans par World Sailing, la F\u00e9d\u00e9ration internationale de voile.<\/p><p style=\"text-align: center;\"><a href=\"https:\/\/arbitrage.ffvoile.fr\/regles-et-documents\/regles-de-course-a-la-voile\/\" target=\"_blank\" rel=\"noopener\">Les r\u00e8gles de course \u00e0 la voile &#8211; site de la FFVoile<\/a><\/p>\t\t\t\t\t\t\t\t<\/div>\n\t\t\t\t<div class=\"elementor-element elementor-element-d939904 elementor-widget elementor-widget-spacer\" data-id=\"d939904\" data-element_type=\"widget\" data-widget_type=\"spacer.default\">\n\t\t\t\t\t\t\t<div class=\"elementor-spacer\">\n\t\t\t<div class=\"elementor-spacer-inner\"><\/div>\n\t\t<\/div>\n\t\t\t\t\t\t<\/div>\n\t\t\t\t<div class=\"elementor-element elementor-element-9fea723 elementor-widget elementor-widget-image\" data-id=\"9fea723\" data-element_type=\"widget\" data-widget_type=\"image.default\">\n\t\t\t\t\t\t\t\t\t\t\t\t\t\t\t<img decoding=\"async\" width=\"800\" height=\"566\" src=\"https:\/\/www.ycbasque.org\/YCB\/wp-content\/uploads\/2026\/03\/regles_introduction_Regate-2024_2028_1-1024x724.jpg\" class=\"attachment-large size-large wp-image-2379\" alt=\"Les r\u00e8gles d&#039;introduction \u00e0 la r\u00e9gate -1\" srcset=\"https:\/\/www.ycbasque.org\/YCB\/wp-content\/uploads\/2026\/03\/regles_introduction_Regate-2024_2028_1-1024x724.jpg 1024w, https:\/\/www.ycbasque.org\/YCB\/wp-content\/uploads\/2026\/03\/regles_introduction_Regate-2024_2028_1-300x212.jpg 300w, https:\/\/www.ycbasque.org\/YCB\/wp-content\/uploads\/2026\/03\/regles_introduction_Regate-2024_2028_1-768x543.jpg 768w, https:\/\/www.ycbasque.org\/YCB\/wp-content\/uploads\/2026\/03\/regles_introduction_Regate-2024_2028_1.jpg 1123w\" sizes=\"(max-width: 800px) 100vw, 800px\" \/>\t\t\t\t\t\t\t\t\t\t\t\t\t\t\t<\/div>\n\t\t\t\t<div class=\"elementor-element elementor-element-7ac1fa0 elementor-widget elementor-widget-image\" data-id=\"7ac1fa0\" data-element_type=\"widget\" data-widget_type=\"image.default\">\n\t\t\t\t\t\t\t\t\t\t\t\t\t\t\t<img decoding=\"async\" width=\"800\" height=\"566\" src=\"https:\/\/www.ycbasque.org\/YCB\/wp-content\/uploads\/2026\/03\/regles_introduction_Regate-2024_2028_2-1024x724.jpg\" class=\"attachment-large size-large wp-image-2378\" alt=\"Les r\u00e8gles d&#039;introduction \u00e0 la r\u00e9gate -2\" srcset=\"https:\/\/www.ycbasque.org\/YCB\/wp-content\/uploads\/2026\/03\/regles_introduction_Regate-2024_2028_2-1024x724.jpg 1024w, https:\/\/www.ycbasque.org\/YCB\/wp-content\/uploads\/2026\/03\/regles_introduction_Regate-2024_2028_2-300x212.jpg 300w, https:\/\/www.ycbasque.org\/YCB\/wp-content\/uploads\/2026\/03\/regles_introduction_Regate-2024_2028_2-768x543.jpg 768w, https:\/\/www.ycbasque.org\/YCB\/wp-content\/uploads\/2026\/03\/regles_introduction_Regate-2024_2028_2.jpg 1123w\" sizes=\"(max-width: 800px) 100vw, 800px\" \/>\t\t\t\t\t\t\t\t\t\t\t\t\t\t\t<\/div>\n\t\t\t\t<div class=\"elementor-element elementor-element-9d92692 elementor-widget-divider--view-line elementor-widget elementor-widget-divider\" data-id=\"9d92692\" data-element_type=\"widget\" data-widget_type=\"divider.default\">\n\t\t\t\t\t\t\t<div class=\"elementor-divider\">\n\t\t\t<span class=\"elementor-divider-separator\">\n\t\t\t\t\t\t<\/span>\n\t\t<\/div>\n\t\t\t\t\t\t<\/div>\n\t\t\t\t<\/div>\n\t\t\t\t<\/div>\n\t\t\t\t<div class=\"elementor-element elementor-element-10d6c00 elementor-widget elementor-widget-spacer\" data-id=\"10d6c00\" data-element_type=\"widget\" data-widget_type=\"spacer.default\">\n\t\t\t\t\t\t\t<div class=\"elementor-spacer\">\n\t\t\t<div class=\"elementor-spacer-inner\"><\/div>\n\t\t<\/div>\n\t\t\t\t\t\t<\/div>\n\t\t\t\t<div class=\"elementor-element elementor-element-460a494 elementor-widget-divider--view-line elementor-widget elementor-widget-divider\" data-id=\"460a494\" data-element_type=\"widget\" data-widget_type=\"divider.default\">\n\t\t\t\t\t\t\t<div class=\"elementor-divider\">\n\t\t\t<span class=\"elementor-divider-separator\">\n\t\t\t\t\t\t<\/span>\n\t\t<\/div>\n\t\t\t\t\t\t<\/div>\n\t\t\t\t<div class=\"elementor-element elementor-element-11df178 elementor-widget elementor-widget-heading\" data-id=\"11df178\" data-element_type=\"widget\" data-widget_type=\"heading.default\">\n\t\t\t\t\t<h2 class=\"elementor-heading-title elementor-size-default\">LES DERNIERES INFO- PUBLI\u00cbES<\/h2>\t\t\t\t<\/div>\n\t\t\t\t<div class=\"elementor-element elementor-element-c87c7f9 elementor-widget elementor-widget-spacer\" data-id=\"c87c7f9\" data-element_type=\"widget\" data-widget_type=\"spacer.default\">\n\t\t\t\t\t\t\t<div class=\"elementor-spacer\">\n\t\t\t<div class=\"elementor-spacer-inner\"><\/div>\n\t\t<\/div>\n\t\t\t\t\t\t<\/div>\n\t\t\t\t<div class=\"elementor-element elementor-element-63fc0bc elementor-widget elementor-widget-hfe-basic-posts\" data-id=\"63fc0bc\" data-element_type=\"widget\" data-widget_type=\"hfe-basic-posts.default\">\n\t\t\t\t<div class=\"elementor-widget-container\">\n\t\t\t\t\t\n<div class=\"hfe-posts-grid\">\n\t\t\t<article class=\"hfe-post-card\">\n\t\t\t\n\t\t\t<div class=\"hfe-post-content\">\n\t\t\t\t\t\t\t\t\t<h3 class=\"hfe-post-title\">\n\t\t\t\t\t\t<a href=\"https:\/\/www.ycbasque.org\/YCB\/le-calendrier-sportif-2026-yacht_club_basque\/\" rel=\"bookmark\">\n\t\t\t\t\t\t\tLe calendrier sportif 2026 est en ligne!\t\t\t\t\t\t<\/a>\n\t\t\t\t\t<\/h3>\n\t\t\t\t\n\t\t\t\t\t\t\t\t\t<div class=\"hfe-post-meta\">\n\t\t\t\t\t\t<span class=\"hfe-post-date\">28\/02\/2026<\/span>\t\t\t\t\t<\/div>\n\t\t\t\t\n\t\t\t\t\t\t\t\t\t<div class=\"hfe-post-excerpt\">\n\t\t\t\t\t\tCalendrier Sportif 2026 du Yacht Club Basque Pr\u00e9paration ouverture du club voile loisir, avec aide des membres Samedi 14\/03\/26 D\u00e9marrage...\t\t\t\t\t<\/div>\n\t\t\t\t\n\t\t\t\t\t\t\t\t\t<a href=\"https:\/\/www.ycbasque.org\/YCB\/le-calendrier-sportif-2026-yacht_club_basque\/\" class=\"hfe-read-more\" rel=\"bookmark\">\n\t\t\t\t\t\tRead More \u2192\t\t\t\t\t<\/a>\n\t\t\t\t\t\t\t<\/div>\n\t\t<\/article>\n\t\t\t\t<article class=\"hfe-post-card\">\n\t\t\t\t\t\t\t<div class=\"hfe-post-image\">\n\t\t\t\t\t<a href=\"https:\/\/www.ycbasque.org\/YCB\/le-bureau-est-reouvert\/\" rel=\"bookmark\">\n\t\t\t\t\t\t<img loading=\"lazy\" decoding=\"async\" width=\"300\" height=\"226\" src=\"https:\/\/www.ycbasque.org\/YCB\/wp-content\/uploads\/2026\/02\/Club_Ecole_Voile_ouvert-300x226.jpg\" class=\"attachment-medium size-medium wp-post-image\" alt=\"Le bureau est r\u00e9ouvert!\" loading=\"lazy\" srcset=\"https:\/\/www.ycbasque.org\/YCB\/wp-content\/uploads\/2026\/02\/Club_Ecole_Voile_ouvert-300x226.jpg 300w, https:\/\/www.ycbasque.org\/YCB\/wp-content\/uploads\/2026\/02\/Club_Ecole_Voile_ouvert-768x578.jpg 768w, https:\/\/www.ycbasque.org\/YCB\/wp-content\/uploads\/2026\/02\/Club_Ecole_Voile_ouvert.jpg 908w\" sizes=\"auto, (max-width: 300px) 100vw, 300px\" \/>\t\t\t\t\t<\/a>\n\t\t\t\t<\/div>\n\t\t\t\n\t\t\t<div class=\"hfe-post-content\">\n\t\t\t\t\t\t\t\t\t<h3 class=\"hfe-post-title\">\n\t\t\t\t\t\t<a href=\"https:\/\/www.ycbasque.org\/YCB\/le-bureau-est-reouvert\/\" rel=\"bookmark\">\n\t\t\t\t\t\t\tLe bureau est r\u00e9ouvert!\t\t\t\t\t\t<\/a>\n\t\t\t\t\t<\/h3>\n\t\t\t\t\n\t\t\t\t\t\t\t\t\t<div class=\"hfe-post-meta\">\n\t\t\t\t\t\t<span class=\"hfe-post-date\">22\/02\/2026<\/span>\t\t\t\t\t<\/div>\n\t\t\t\t\n\t\t\t\t\t\t\t\t\t<div class=\"hfe-post-excerpt\">\n\t\t\t\t\t\tLe bureau est r\u00e9ouvert! La voile loisir recommence \u00e0 partir du 21\/03\/26 Le club vient de rouvrir ce Lundi 16\/02\/26,...\t\t\t\t\t<\/div>\n\t\t\t\t\n\t\t\t\t\t\t\t\t\t<a href=\"https:\/\/www.ycbasque.org\/YCB\/le-bureau-est-reouvert\/\" class=\"hfe-read-more\" rel=\"bookmark\">\n\t\t\t\t\t\tRead More \u2192\t\t\t\t\t<\/a>\n\t\t\t\t\t\t\t<\/div>\n\t\t<\/article>\n\t\t\t\t<article class=\"hfe-post-card\">\n\t\t\t\t\t\t\t<div class=\"hfe-post-image\">\n\t\t\t\t\t<a href=\"https:\/\/www.ycbasque.org\/YCB\/convocation-ag-22-11-25\/\" rel=\"bookmark\">\n\t\t\t\t\t\t<img loading=\"lazy\" decoding=\"async\" width=\"300\" height=\"145\" src=\"https:\/\/www.ycbasque.org\/YCB\/wp-content\/uploads\/2025\/11\/20251122_convocation_AG-300x145.jpg\" class=\"attachment-medium size-medium wp-post-image\" alt=\"Convocation AG 22\/11\/25\" loading=\"lazy\" srcset=\"https:\/\/www.ycbasque.org\/YCB\/wp-content\/uploads\/2025\/11\/20251122_convocation_AG-300x145.jpg 300w, https:\/\/www.ycbasque.org\/YCB\/wp-content\/uploads\/2025\/11\/20251122_convocation_AG-1024x496.jpg 1024w, https:\/\/www.ycbasque.org\/YCB\/wp-content\/uploads\/2025\/11\/20251122_convocation_AG-768x372.jpg 768w, https:\/\/www.ycbasque.org\/YCB\/wp-content\/uploads\/2025\/11\/20251122_convocation_AG.jpg 1271w\" sizes=\"auto, (max-width: 300px) 100vw, 300px\" \/>\t\t\t\t\t<\/a>\n\t\t\t\t<\/div>\n\t\t\t\n\t\t\t<div class=\"hfe-post-content\">\n\t\t\t\t\t\t\t\t\t<h3 class=\"hfe-post-title\">\n\t\t\t\t\t\t<a href=\"https:\/\/www.ycbasque.org\/YCB\/convocation-ag-22-11-25\/\" rel=\"bookmark\">\n\t\t\t\t\t\t\tConvocation AG 22\/11\/25\t\t\t\t\t\t<\/a>\n\t\t\t\t\t<\/h3>\n\t\t\t\t\n\t\t\t\t\t\t\t\t\t<div class=\"hfe-post-meta\">\n\t\t\t\t\t\t<span class=\"hfe-post-date\">04\/11\/2025<\/span>\t\t\t\t\t<\/div>\n\t\t\t\t\n\t\t\t\t\t\t\t\t\t<div class=\"hfe-post-excerpt\">\n\t\t\t\t\t\tConvocation pour l'Assembl\u00e9e g\u00e9n\u00e9rale du Club Ce 22\/11\/25 \u00e0 17h au Club house \u00e0 Socoa\t\t\t\t\t<\/div>\n\t\t\t\t\n\t\t\t\t\t\t\t\t\t<a href=\"https:\/\/www.ycbasque.org\/YCB\/convocation-ag-22-11-25\/\" class=\"hfe-read-more\" rel=\"bookmark\">\n\t\t\t\t\t\tRead More \u2192\t\t\t\t\t<\/a>\n\t\t\t\t\t\t\t<\/div>\n\t\t<\/article>\n\t\t\t\t<article class=\"hfe-post-card\">\n\t\t\t\t\t\t\t<div class=\"hfe-post-image\">\n\t\t\t\t\t<a href=\"https:\/\/www.ycbasque.org\/YCB\/test-article\/\" rel=\"bookmark\">\n\t\t\t\t\t\t<img loading=\"lazy\" decoding=\"async\" width=\"300\" height=\"200\" src=\"https:\/\/www.ycbasque.org\/YCB\/wp-content\/uploads\/2025\/09\/Open5.70.regate-300x200.jpg\" class=\"attachment-medium size-medium wp-post-image\" alt=\"R\u00e9gate Osiris &#8211; Laraldenia Cup\" loading=\"lazy\" srcset=\"https:\/\/www.ycbasque.org\/YCB\/wp-content\/uploads\/2025\/09\/Open5.70.regate-300x200.jpg 300w, https:\/\/www.ycbasque.org\/YCB\/wp-content\/uploads\/2025\/09\/Open5.70.regate-1024x682.jpg 1024w, https:\/\/www.ycbasque.org\/YCB\/wp-content\/uploads\/2025\/09\/Open5.70.regate-768x512.jpg 768w, https:\/\/www.ycbasque.org\/YCB\/wp-content\/uploads\/2025\/09\/Open5.70.regate-1536x1023.jpg 1536w, https:\/\/www.ycbasque.org\/YCB\/wp-content\/uploads\/2025\/09\/Open5.70.regate.jpg 1600w\" sizes=\"auto, (max-width: 300px) 100vw, 300px\" \/>\t\t\t\t\t<\/a>\n\t\t\t\t<\/div>\n\t\t\t\n\t\t\t<div class=\"hfe-post-content\">\n\t\t\t\t\t\t\t\t\t<h3 class=\"hfe-post-title\">\n\t\t\t\t\t\t<a href=\"https:\/\/www.ycbasque.org\/YCB\/test-article\/\" rel=\"bookmark\">\n\t\t\t\t\t\t\tR\u00e9gate Osiris &#8211; Laraldenia Cup\t\t\t\t\t\t<\/a>\n\t\t\t\t\t<\/h3>\n\t\t\t\t\n\t\t\t\t\t\t\t\t\t<div class=\"hfe-post-meta\">\n\t\t\t\t\t\t<span class=\"hfe-post-date\">04\/09\/2025<\/span>\t\t\t\t\t<\/div>\n\t\t\t\t\n\t\t\t\t\t\t\t\t\t<div class=\"hfe-post-excerpt\">\n\t\t\t\t\t\tLe Yacht Club Basque vous invite \u00e0 la Larraldenia Cup le Samedi 20 Septembre!\t\t\t\t\t<\/div>\n\t\t\t\t\n\t\t\t\t\t\t\t\t\t<a href=\"https:\/\/www.ycbasque.org\/YCB\/test-article\/\" class=\"hfe-read-more\" rel=\"bookmark\">\n\t\t\t\t\t\tRead More \u2192\t\t\t\t\t<\/a>\n\t\t\t\t\t\t\t<\/div>\n\t\t<\/article>\n\t\t\t\t<article class=\"hfe-post-card\">\n\t\t\t\t\t\t\t<div class=\"hfe-post-image\">\n\t\t\t\t\t<a href=\"https:\/\/www.ycbasque.org\/YCB\/202508_-regate-itzurdeak\/\" rel=\"bookmark\">\n\t\t\t\t\t\t<img loading=\"lazy\" decoding=\"async\" width=\"212\" height=\"300\" src=\"https:\/\/www.ycbasque.org\/YCB\/wp-content\/uploads\/2025\/10\/affiche-ITZURDEAK-2025-scaled-1-212x300.jpg\" class=\"attachment-medium size-medium wp-post-image\" alt=\"R\u00e9gate Itzurdeak\" loading=\"lazy\" srcset=\"https:\/\/www.ycbasque.org\/YCB\/wp-content\/uploads\/2025\/10\/affiche-ITZURDEAK-2025-scaled-1-212x300.jpg 212w, https:\/\/www.ycbasque.org\/YCB\/wp-content\/uploads\/2025\/10\/affiche-ITZURDEAK-2025-scaled-1.jpg 724w\" sizes=\"auto, (max-width: 212px) 100vw, 212px\" \/>\t\t\t\t\t<\/a>\n\t\t\t\t<\/div>\n\t\t\t\n\t\t\t<div class=\"hfe-post-content\">\n\t\t\t\t\t\t\t\t\t<h3 class=\"hfe-post-title\">\n\t\t\t\t\t\t<a href=\"https:\/\/www.ycbasque.org\/YCB\/202508_-regate-itzurdeak\/\" rel=\"bookmark\">\n\t\t\t\t\t\t\tR\u00e9gate Itzurdeak\t\t\t\t\t\t<\/a>\n\t\t\t\t\t<\/h3>\n\t\t\t\t\n\t\t\t\t\t\t\t\t\t<div class=\"hfe-post-meta\">\n\t\t\t\t\t\t<span class=\"hfe-post-date\">28\/07\/2025<\/span>\t\t\t\t\t<\/div>\n\t\t\t\t\n\t\t\t\t\t\t\t\t\t<div class=\"hfe-post-excerpt\">\n\t\t\t\t\t\tGrande r\u00e9gate estivale le samedi 16 Ao\u00fbt\t\t\t\t\t<\/div>\n\t\t\t\t\n\t\t\t\t\t\t\t\t\t<a href=\"https:\/\/www.ycbasque.org\/YCB\/202508_-regate-itzurdeak\/\" class=\"hfe-read-more\" rel=\"bookmark\">\n\t\t\t\t\t\tRead More \u2192\t\t\t\t\t<\/a>\n\t\t\t\t\t\t\t<\/div>\n\t\t<\/article>\n\t\t\t\t<article class=\"hfe-post-card\">\n\t\t\t\t\t\t\t<div class=\"hfe-post-image\">\n\t\t\t\t\t<a href=\"https:\/\/www.ycbasque.org\/YCB\/zocoas-cup-12-07-25\/\" rel=\"bookmark\">\n\t\t\t\t\t\t<img loading=\"lazy\" decoding=\"async\" width=\"208\" height=\"300\" src=\"https:\/\/www.ycbasque.org\/YCB\/wp-content\/uploads\/2025\/11\/2250712_SOCOAS_CUP-208x300.jpg\" class=\"attachment-medium size-medium wp-post-image\" alt=\"Zocoa&#8217;s cup 12\/07\/25\" loading=\"lazy\" srcset=\"https:\/\/www.ycbasque.org\/YCB\/wp-content\/uploads\/2025\/11\/2250712_SOCOAS_CUP-208x300.jpg 208w, https:\/\/www.ycbasque.org\/YCB\/wp-content\/uploads\/2025\/11\/2250712_SOCOAS_CUP.jpg 552w\" sizes=\"auto, (max-width: 208px) 100vw, 208px\" \/>\t\t\t\t\t<\/a>\n\t\t\t\t<\/div>\n\t\t\t\n\t\t\t<div class=\"hfe-post-content\">\n\t\t\t\t\t\t\t\t\t<h3 class=\"hfe-post-title\">\n\t\t\t\t\t\t<a href=\"https:\/\/www.ycbasque.org\/YCB\/zocoas-cup-12-07-25\/\" rel=\"bookmark\">\n\t\t\t\t\t\t\tZocoa&#8217;s cup 12\/07\/25\t\t\t\t\t\t<\/a>\n\t\t\t\t\t<\/h3>\n\t\t\t\t\n\t\t\t\t\t\t\t\t\t<div class=\"hfe-post-meta\">\n\t\t\t\t\t\t<span class=\"hfe-post-date\">30\/06\/2025<\/span>\t\t\t\t\t<\/div>\n\t\t\t\t\n\t\t\t\t\t\t\t\t\t<div class=\"hfe-post-excerpt\">\n\t\t\t\t\t\tConvocation pour la r\u00e9gate Socoa's Cup le 12\/07\/2025 au Yacht Club Basque\t\t\t\t\t<\/div>\n\t\t\t\t\n\t\t\t\t\t\t\t\t\t<a href=\"https:\/\/www.ycbasque.org\/YCB\/zocoas-cup-12-07-25\/\" class=\"hfe-read-more\" rel=\"bookmark\">\n\t\t\t\t\t\tRead More \u2192\t\t\t\t\t<\/a>\n\t\t\t\t\t\t\t<\/div>\n\t\t<\/article>\n\t\t<\/div>\n\t\t\t\t<\/div>\n\t\t\t\t<\/div>\n\t\t\t\t\t<\/div>\n\t\t\t\t<\/div>\n\t\t<div class=\"elementor-element elementor-element-21f0e54 e-flex e-con-boxed e-con e-parent\" data-id=\"21f0e54\" data-element_type=\"container\">\n\t\t\t\t\t<div class=\"e-con-inner\">\n\t\t\t\t<div class=\"elementor-element elementor-element-22dcc0a elementor-widget elementor-widget-wp-widget-aioseo-breadcrumb-widget\" data-id=\"22dcc0a\" data-element_type=\"widget\" data-widget_type=\"wp-widget-aioseo-breadcrumb-widget.default\">\n\t\t\t\t<div class=\"elementor-widget-container\">\n\t\t\t\t\t<div class=\"aioseo-breadcrumbs\"><span class=\"aioseo-breadcrumb\">\n\t\t\tHome\n\t\t<\/span><\/div>\t\t\t\t<\/div>\n\t\t\t\t<\/div>\n\t\t\t\t\t<\/div>\n\t\t\t\t<\/div>\n\t\t\t\t<\/div>\n\t\t","protected":false},"excerpt":{"rendered":"<p>LES REGATES LES REGATES \u00a0 Des r\u00e9gates sont organis\u00e9es r\u00e9guli\u00e8rement au sein du Club.Nous participons \u00e9galement \u00e0 des r\u00e9gates organis\u00e9es sur d&#8217;autres sites toute l&#8217;ann\u00e9e. Pour le calendrier de nos [&hellip;]<\/p>\n","protected":false},"author":2,"featured_media":0,"parent":0,"menu_order":0,"comment_status":"closed","ping_status":"closed","template":"","meta":{"om_disable_all_campaigns":false,"_monsterinsights_skip_tracking":false,"_monsterinsights_sitenote_active":false,"_monsterinsights_sitenote_note":"","_monsterinsights_sitenote_category":0,"footnotes":""},"class_list":["post-170","page","type-page","status-publish","hentry"],"aioseo_notices":[],"_links":{"self":[{"href":"https:\/\/www.ycbasque.org\/YCB\/wp-json\/wp\/v2\/pages\/170","targetHints":{"allow":["GET"]}}],"collection":[{"href":"https:\/\/www.ycbasque.org\/YCB\/wp-json\/wp\/v2\/pages"}],"about":[{"href":"https:\/\/www.ycbasque.org\/YCB\/wp-json\/wp\/v2\/types\/page"}],"author":[{"embeddable":true,"href":"https:\/\/www.ycbasque.org\/YCB\/wp-json\/wp\/v2\/users\/2"}],"replies":[{"embeddable":true,"href":"https:\/\/www.ycbasque.org\/YCB\/wp-json\/wp\/v2\/comments?post=170"}],"version-history":[{"count":28,"href":"https:\/\/www.ycbasque.org\/YCB\/wp-json\/wp\/v2\/pages\/170\/revisions"}],"predecessor-version":[{"id":2382,"href":"https:\/\/www.ycbasque.org\/YCB\/wp-json\/wp\/v2\/pages\/170\/revisions\/2382"}],"wp:attachment":[{"href":"https:\/\/www.ycbasque.org\/YCB\/wp-json\/wp\/v2\/media?parent=170"}],"curies":[{"name":"wp","href":"https:\/\/api.w.org\/{rel}","templated":true}]}}